{"id":762,"date":"2017-12-26T08:25:54","date_gmt":"2017-12-26T08:25:54","guid":{"rendered":"https:\/\/africkasljiva.com\/?page_id=762"},"modified":"2018-02-22T08:37:17","modified_gmt":"2018-02-22T08:37:17","slug":"why-to-use-forte","status":"publish","type":"page","link":"https:\/\/africkasljiva.ba\/en\/why-to-use-forte\/","title":{"rendered":"Why to use FORTE?"},"content":{"rendered":"<p>[et_pb_section fb_built=&#8221;1&#8243; _builder_version=&#8221;3.0.47&#8243; custom_margin=&#8221;0px||0px|&#8221; custom_padding=&#8221;0px|0px|0px|0px&#8221;][et_pb_row make_fullwidth=&#8221;on&#8221; use_custom_gutter=&#8221;on&#8221; gutter_width=&#8221;1&#8243; custom_padding=&#8221;50px||65px|&#8221; custom_margin=&#8221;0px||0px|&#8221; _builder_version=&#8221;3.0.105&#8243; background_image=&#8221;https:\/\/africkasljiva.com\/wp-content\/uploads\/2018\/02\/Who-needs-African-Plum-for-potency.jpg&#8221;][et_pb_column type=&#8221;1_2&#8243; _builder_version=&#8221;3.0.92&#8243; parallax=&#8221;off&#8221; parallax_method=&#8221;on&#8221;][et_pb_blurb title=&#8221;IF YOU &#8221; _builder_version=&#8221;3.0.92&#8243; header_level=&#8221;h1&#8243; header_font=&#8221;Dosis|600|||||||&#8221; header_text_align=&#8221;center&#8221; header_font_size=&#8221;59px&#8221; header_text_color=&#8221;#202c55&#8243; header_text_shadow_style=&#8221;preset1&#8243; text_orientation=&#8221;center&#8221; custom_margin=&#8221;50px|||&#8221;][\/et_pb_blurb][et_pb_blurb title=&#8221;EXPERIENCE &#8221; _builder_version=&#8221;3.0.92&#8243; header_level=&#8221;h1&#8243; header_font=&#8221;Dosis|600|||||||&#8221; header_text_align=&#8221;center&#8221; header_font_size=&#8221;59px&#8221; header_text_color=&#8221;#202c55&#8243; header_text_shadow_style=&#8221;preset1&#8243; text_orientation=&#8221;center&#8221; custom_margin=&#8221;|||&#8221;][\/et_pb_blurb][et_pb_blurb title=&#8221;THE FOLLOWING &#8221; _builder_version=&#8221;3.0.92&#8243; header_level=&#8221;h1&#8243; header_font=&#8221;Dosis|600|||||||&#8221; header_text_align=&#8221;center&#8221; header_font_size=&#8221;59px&#8221; header_text_color=&#8221;#202c55&#8243; header_text_shadow_style=&#8221;preset1&#8243; text_orientation=&#8221;center&#8221; custom_margin=&#8221;|||&#8221;][\/et_pb_blurb][et_pb_blurb title=&#8221;SYMPTOMS&#8221; _builder_version=&#8221;3.0.92&#8243; header_level=&#8221;h1&#8243; header_font=&#8221;Dosis|600|||||||&#8221; header_text_align=&#8221;center&#8221; header_font_size=&#8221;59px&#8221; header_text_color=&#8221;#202c55&#8243; header_text_shadow_style=&#8221;preset1&#8243; text_orientation=&#8221;center&#8221; custom_margin=&#8221;|||&#8221;][\/et_pb_blurb][\/et_pb_column][et_pb_column type=&#8221;1_2&#8243; _builder_version=&#8221;3.0.92&#8243; parallax=&#8221;off&#8221; parallax_method=&#8221;on&#8221;][\/et_pb_column][\/et_pb_row][et_pb_row make_fullwidth=&#8221;on&#8221; use_custom_gutter=&#8221;on&#8221; gutter_width=&#8221;1&#8243; custom_padding=&#8221;0px|0px|0px|0px&#8221; custom_margin=&#8221;0px||0px|&#8221; _builder_version=&#8221;3.0.92&#8243;][et_pb_column type=&#8221;1_4&#8243; _builder_version=&#8221;3.0.92&#8243; parallax=&#8221;off&#8221; parallax_method=&#8221;on&#8221;][et_pb_blurb title=&#8221;PROBLEMS&#8221; _builder_version=&#8221;3.0.92&#8243; header_level=&#8221;h3&#8243; header_font=&#8221;Dosis||||||||&#8221; header_text_align=&#8221;center&#8221; header_font_size=&#8221;28px&#8221; header_text_color=&#8221;#ffffff&#8221; body_font=&#8221;Dosis||||||||&#8221; body_text_align=&#8221;center&#8221; body_font_size=&#8221;28px&#8221; body_text_color=&#8221;#ffffff&#8221; background_color=&#8221;#1f3d7b&#8221; custom_margin=&#8221;0px||0px|&#8221; custom_padding=&#8221;50px||50px|&#8221;]GETTING AN ERECTION[\/et_pb_blurb][\/et_pb_column][et_pb_column type=&#8221;1_4&#8243; _builder_version=&#8221;3.0.92&#8243; parallax=&#8221;off&#8221; parallax_method=&#8221;on&#8221;][et_pb_blurb title=&#8221;PROBLEMS&#8221; _builder_version=&#8221;3.0.92&#8243; header_level=&#8221;h3&#8243; header_font=&#8221;Dosis||||||||&#8221; header_text_align=&#8221;center&#8221; header_font_size=&#8221;28px&#8221; header_text_color=&#8221;#ffffff&#8221; body_font=&#8221;Dosis||||||||&#8221; body_text_align=&#8221;center&#8221; body_font_size=&#8221;28px&#8221; body_text_color=&#8221;#ffffff&#8221; background_color=&#8221;#0db14b&#8221; custom_margin=&#8221;0px||0px|&#8221; custom_padding=&#8221;50px||50px|&#8221;]<\/p>\n<p>MAINTAINING AN ERECTION<\/p>\n<p>[\/et_pb_blurb][\/et_pb_column][et_pb_column type=&#8221;1_4&#8243; _builder_version=&#8221;3.0.92&#8243; parallax=&#8221;off&#8221; parallax_method=&#8221;on&#8221;][et_pb_blurb title=&#8221;LOW&#8221; _builder_version=&#8221;3.0.92&#8243; header_level=&#8221;h3&#8243; header_font=&#8221;Dosis||||||||&#8221; header_text_align=&#8221;center&#8221; header_font_size=&#8221;28px&#8221; header_text_color=&#8221;#ffffff&#8221; body_font=&#8221;Dosis||||||||&#8221; body_text_align=&#8221;center&#8221; body_font_size=&#8221;28px&#8221; body_text_color=&#8221;#ffffff&#8221; background_color=&#8221;#1f3d7b&#8221; custom_margin=&#8221;0px||0px|&#8221; custom_padding=&#8221;50px||50px|&#8221;]<\/p>\n<p>LIBIDO<\/p>\n<p>[\/et_pb_blurb][\/et_pb_column][et_pb_column type=&#8221;1_4&#8243; _builder_version=&#8221;3.0.92&#8243; parallax=&#8221;off&#8221; parallax_method=&#8221;on&#8221;][et_pb_blurb title=&#8221;PROSTATE&#8221; _builder_version=&#8221;3.0.92&#8243; header_level=&#8221;h3&#8243; header_font=&#8221;Dosis||||||||&#8221; header_text_align=&#8221;center&#8221; header_font_size=&#8221;28px&#8221; header_text_color=&#8221;#ffffff&#8221; body_font=&#8221;Dosis||||||||&#8221; body_text_align=&#8221;center&#8221; body_font_size=&#8221;28px&#8221; body_text_color=&#8221;#ffffff&#8221; background_color=&#8221;#0db14b&#8221; custom_margin=&#8221;0px||0px|&#8221; custom_padding=&#8221;50px||50px|&#8221;]<\/p>\n<p>PROBLEMS<\/p>\n<p>[\/et_pb_blurb][\/et_pb_column][\/et_pb_row][et_pb_row _builder_version=&#8221;3.0.92&#8243;][et_pb_column type=&#8221;1_4&#8243; _builder_version=&#8221;3.0.92&#8243; parallax=&#8221;off&#8221; parallax_method=&#8221;on&#8221;][et_pb_number_counter number=&#8221;50&#8243; _builder_version=&#8221;3.0.92&#8243; title_font=&#8221;||||||||&#8221; number_font=&#8221;Dosis||||||||&#8221; number_font_size=&#8221;53px&#8221; number_text_color=&#8221;#047235&#8243; border_color_all=&#8221;#848484&#8243;][\/et_pb_number_counter][et_pb_blurb title=&#8221;Men 40-70 years&#8221; _builder_version=&#8221;3.0.92&#8243; header_level=&#8221;h2&#8243; header_font=&#8221;Dosis|600|||||||&#8221; header_text_align=&#8221;center&#8221; header_font_size=&#8221;28px&#8221; header_text_color=&#8221;#004383&#8243; body_font=&#8221;||||||||&#8221; body_text_align=&#8221;center&#8221; body_font_size=&#8221;19px&#8221;]tienen disfunci\u00f3n er\u00e9ctil[\/et_pb_blurb][\/et_pb_column][et_pb_column type=&#8221;1_4&#8243; _builder_version=&#8221;3.0.92&#8243; parallax=&#8221;off&#8221; parallax_method=&#8221;on&#8221;][et_pb_number_counter number=&#8221;67&#8243; _builder_version=&#8221;3.0.92&#8243; title_font=&#8221;||||||||&#8221; number_font=&#8221;Dosis||||||||&#8221; number_font_size=&#8221;53px&#8221; number_text_color=&#8221;#047235&#8243; border_color_all=&#8221;#848484&#8243;][\/et_pb_number_counter][et_pb_blurb title=&#8221;Men 70+ years&#8221; _builder_version=&#8221;3.0.92&#8243; header_level=&#8221;h2&#8243; header_font=&#8221;Dosis|600|||||||&#8221; header_text_align=&#8221;center&#8221; header_font_size=&#8221;28px&#8221; header_text_color=&#8221;#004383&#8243; body_font=&#8221;||||||||&#8221; body_text_align=&#8221;center&#8221; body_font_size=&#8221;19px&#8221;]tienen disfunci\u00f3n er\u00e9ctil[\/et_pb_blurb][\/et_pb_column][et_pb_column type=&#8221;1_4&#8243; _builder_version=&#8221;3.0.92&#8243; parallax=&#8221;off&#8221; parallax_method=&#8221;on&#8221;][et_pb_number_counter number=&#8221;60&#8243; _builder_version=&#8221;3.0.92&#8243; title_font=&#8221;||||||||&#8221; number_font=&#8221;Dosis||||||||&#8221; number_font_size=&#8221;53px&#8221; number_text_color=&#8221;#047235&#8243; border_color_all=&#8221;#848484&#8243;][\/et_pb_number_counter][et_pb_blurb title=&#8221;Men 50+ years&#8221; _builder_version=&#8221;3.0.92&#8243; header_level=&#8221;h2&#8243; header_font=&#8221;Dosis|600|||||||&#8221; header_text_align=&#8221;center&#8221; header_font_size=&#8221;28px&#8221; header_text_color=&#8221;#004383&#8243; body_font=&#8221;||||||||&#8221; body_text_align=&#8221;center&#8221; body_font_size=&#8221;19px&#8221;]tienen una pr\u00f3stata agrandada[\/et_pb_blurb][\/et_pb_column][et_pb_column type=&#8221;1_4&#8243; _builder_version=&#8221;3.0.92&#8243; parallax=&#8221;off&#8221; parallax_method=&#8221;on&#8221;][et_pb_number_counter number=&#8221;50&#8243; _builder_version=&#8221;3.0.92&#8243; title_font=&#8221;||||||||&#8221; number_font=&#8221;Dosis||||||||&#8221; number_font_size=&#8221;53px&#8221; number_text_color=&#8221;#047235&#8243; border_color_all=&#8221;#848484&#8243;][\/et_pb_number_counter][et_pb_blurb title=&#8221;Men 50-60 years&#8221; _builder_version=&#8221;3.0.92&#8243; header_level=&#8221;h2&#8243; header_font=&#8221;Dosis|600|||||||&#8221; header_text_align=&#8221;center&#8221; header_font_size=&#8221;28px&#8221; header_text_color=&#8221;#004383&#8243; body_font=&#8221;||||||||&#8221; body_text_align=&#8221;center&#8221; body_font_size=&#8221;19px&#8221;]tienen Hiperplasia Prost\u00e1tica Benigna (BHP)[\/et_pb_blurb][\/et_pb_column][\/et_pb_row][et_pb_row _builder_version=&#8221;3.0.92&#8243;][et_pb_column type=&#8221;4_4&#8243; _builder_version=&#8221;3.0.92&#8243; parallax=&#8221;off&#8221; parallax_method=&#8221;on&#8221;][et_pb_blurb content_max_width=&#8221;703px&#8221; _builder_version=&#8221;3.0.92&#8243; body_font=&#8221;Dosis||||||||&#8221; body_text_align=&#8221;center&#8221; body_font_size=&#8221;33px&#8221; body_text_color=&#8221;#004383&#8243; body_line_height=&#8221;1.1em&#8221;]<\/p>\n<div class=\"wtrStandardColumn vc_col-sm-3 wtrNoRoundedCornersColumn wpb_column vc_column_container \">\n<div class=\"wpb_wrapper  \">According to expert estimates, today, in the European Union\u00a0<strong>erectile dysfunction affects 40 million men<\/strong>, and it is expected that by 2025 this number will double.<\/div>\n<\/div>\n<p>[\/et_pb_blurb][\/et_pb_column][\/et_pb_row][et_pb_row make_fullwidth=&#8221;on&#8221; use_custom_gutter=&#8221;on&#8221; gutter_width=&#8221;1&#8243; background_color=&#8221;#d8d8d8&#8243; _builder_version=&#8221;3.0.92&#8243;][et_pb_column type=&#8221;1_2&#8243; _builder_version=&#8221;3.0.92&#8243; parallax=&#8221;off&#8221; parallax_method=&#8221;on&#8221;][et_pb_image src=&#8221;https:\/\/africkasljiva.com\/wp-content\/uploads\/2017\/12\/FORTE-Africka-sljiva-nosorog-EN.png&#8221; _builder_version=&#8221;3.0.92&#8243; animation_style=&#8221;slide&#8221; animation_direction=&#8221;left&#8221;][\/et_pb_image][\/et_pb_column][et_pb_column type=&#8221;1_2&#8243; _builder_version=&#8221;3.0.92&#8243; parallax=&#8221;off&#8221; parallax_method=&#8221;on&#8221;][et_pb_blurb title=&#8221;HAVEN&#8217;T TRY YET AFRICAN PLUM FORTE?&#8221; _builder_version=&#8221;3.0.92&#8243; header_font=&#8221;||||||||&#8221; header_font_size=&#8221;30px&#8221; body_font=&#8221;Dosis||||||||&#8221; body_font_size=&#8221;16px&#8221; background_color=&#8221;#f4f4f4&#8243; text_orientation=&#8221;center&#8221; custom_margin=&#8221;10px|100px||100px&#8221; custom_margin_tablet=&#8221;|50px||50px&#8221; custom_margin_phone=&#8221;|20px||20px&#8221; custom_margin_last_edited=&#8221;on|desktop&#8221; custom_padding=&#8221;30px||30px|&#8221; custom_padding_phone=&#8221;|10px||10px&#8221; custom_padding_last_edited=&#8221;on|desktop&#8221;]Order your African Plum FORTE package, and get the best price.[\/et_pb_blurb][et_pb_button button_url=&#8221;\/en\/order\/&#8221; button_text=&#8221;ORDER NOW&#8221; button_alignment=&#8221;center&#8221; _builder_version=&#8221;3.0.92&#8243; custom_margin=&#8221;15px|||&#8221; custom_button=&#8221;on&#8221; button_text_size=&#8221;23px&#8221; button_text_color=&#8221;#ffffff&#8221; button_bg_use_color_gradient=&#8221;on&#8221; button_bg_color_gradient_start=&#8221;#35b159&#8243; button_bg_color_gradient_end=&#8221;#16662a&#8221; button_border_radius=&#8221;8px&#8221; button_font=&#8221;||||||||&#8221;][\/et_pb_button][et_pb_button _builder_version=&#8221;3.0.92&#8243;][\/et_pb_button][\/et_pb_column][\/et_pb_row][\/et_pb_section]<\/p>\n","protected":false},"excerpt":{"rendered":"<p>GETTING AN ERECTIONMAINTAINING AN ERECTIONLIBIDOPROBLEMStienen disfunci\u00f3n er\u00e9ctiltienen disfunci\u00f3n er\u00e9ctiltienen una pr\u00f3stata agrandadatienen Hiperplasia Prost\u00e1tica Benigna (BHP) According to expert estimates, today, in the European Union\u00a0erectile dysfunction affects 40 million men, and it is expected that by 2025 this number will double. Order your African Plum FORTE package, and get the best price.<\/p>\n","protected":false},"author":9,"featured_media":0,"parent":0,"menu_order":0,"comment_status":"closed","ping_status":"closed","template":"","meta":{"_et_pb_use_builder":"on","_et_pb_old_content":"","_et_gb_content_width":"","footnotes":""},"class_list":["post-762","page","type-page","status-publish","hentry"],"yoast_head":"<!-- This site is optimized with the Yoast SEO plugin v27.4 - https:\/\/yoast.com\/product\/yoast-seo-wordpress\/ -->\n<title>Why to use FORTE? - Afri\u010dka \u0160ljiva<\/title>\n<meta name=\"robots\" content=\"index, follow, max-snippet:-1, max-image-preview:large, max-video-preview:-1\" \/>\n<link rel=\"canonical\" href=\"https:\/\/africkasljiva.ba\/en\/why-to-use-forte\/\" \/>\n<meta property=\"og:locale\" content=\"en_US\" \/>\n<meta property=\"og:type\" content=\"article\" \/>\n<meta property=\"og:title\" content=\"Why to use FORTE? - Afri\u010dka \u0160ljiva\" \/>\n<meta property=\"og:description\" content=\"GETTING AN ERECTIONMAINTAINING AN ERECTIONLIBIDOPROBLEMStienen disfunci\u00f3n er\u00e9ctiltienen disfunci\u00f3n er\u00e9ctiltienen una pr\u00f3stata agrandadatienen Hiperplasia Prost\u00e1tica Benigna (BHP) According to expert estimates, today, in the European Union\u00a0erectile dysfunction affects 40 million men, and it is expected that by 2025 this number will double. Order your African Plum FORTE package, and get the best price.\" \/>\n<meta property=\"og:url\" content=\"https:\/\/africkasljiva.ba\/en\/why-to-use-forte\/\" \/>\n<meta property=\"og:site_name\" content=\"Afri\u010dka \u0160ljiva\" \/>\n<meta property=\"article:modified_time\" content=\"2018-02-22T08:37:17+00:00\" \/>\n<meta name=\"twitter:card\" content=\"summary_large_image\" \/>\n<meta name=\"twitter:label1\" content=\"Est. reading time\" \/>\n\t<meta name=\"twitter:data1\" content=\"6 minutes\" \/>\n<script type=\"application\/ld+json\" class=\"yoast-schema-graph\">{\"@context\":\"https:\\\/\\\/schema.org\",\"@graph\":[{\"@type\":\"WebPage\",\"@id\":\"https:\\\/\\\/africkasljiva.ba\\\/en\\\/why-to-use-forte\\\/\",\"url\":\"https:\\\/\\\/africkasljiva.ba\\\/en\\\/why-to-use-forte\\\/\",\"name\":\"Why to use FORTE? - Afri\u010dka \u0160ljiva\",\"isPartOf\":{\"@id\":\"https:\\\/\\\/africkasljiva.ba\\\/#website\"},\"datePublished\":\"2017-12-26T08:25:54+00:00\",\"dateModified\":\"2018-02-22T08:37:17+00:00\",\"breadcrumb\":{\"@id\":\"https:\\\/\\\/africkasljiva.ba\\\/en\\\/why-to-use-forte\\\/#breadcrumb\"},\"inLanguage\":\"en-US\",\"potentialAction\":[{\"@type\":\"ReadAction\",\"target\":[\"https:\\\/\\\/africkasljiva.ba\\\/en\\\/why-to-use-forte\\\/\"]}]},{\"@type\":\"BreadcrumbList\",\"@id\":\"https:\\\/\\\/africkasljiva.ba\\\/en\\\/why-to-use-forte\\\/#breadcrumb\",\"itemListElement\":[{\"@type\":\"ListItem\",\"position\":1,\"name\":\"Home\",\"item\":\"https:\\\/\\\/africkasljiva.ba\\\/en\\\/\"},{\"@type\":\"ListItem\",\"position\":2,\"name\":\"Why to use FORTE?\"}]},{\"@type\":\"WebSite\",\"@id\":\"https:\\\/\\\/africkasljiva.ba\\\/#website\",\"url\":\"https:\\\/\\\/africkasljiva.ba\\\/\",\"name\":\"Afri\u010dka \u0160ljiva\",\"description\":\"Prirodni preparat za potenciju - ne pada!\",\"potentialAction\":[{\"@type\":\"SearchAction\",\"target\":{\"@type\":\"EntryPoint\",\"urlTemplate\":\"https:\\\/\\\/africkasljiva.ba\\\/?s={search_term_string}\"},\"query-input\":{\"@type\":\"PropertyValueSpecification\",\"valueRequired\":true,\"valueName\":\"search_term_string\"}}],\"inLanguage\":\"en-US\"}]}<\/script>\n<!-- \/ Yoast SEO plugin. -->","yoast_head_json":{"title":"Why to use FORTE? - Afri\u010dka \u0160ljiva","robots":{"index":"index","follow":"follow","max-snippet":"max-snippet:-1","max-image-preview":"max-image-preview:large","max-video-preview":"max-video-preview:-1"},"canonical":"https:\/\/africkasljiva.ba\/en\/why-to-use-forte\/","og_locale":"en_US","og_type":"article","og_title":"Why to use FORTE? - Afri\u010dka \u0160ljiva","og_description":"GETTING AN ERECTIONMAINTAINING AN ERECTIONLIBIDOPROBLEMStienen disfunci\u00f3n er\u00e9ctiltienen disfunci\u00f3n er\u00e9ctiltienen una pr\u00f3stata agrandadatienen Hiperplasia Prost\u00e1tica Benigna (BHP) According to expert estimates, today, in the European Union\u00a0erectile dysfunction affects 40 million men, and it is expected that by 2025 this number will double. Order your African Plum FORTE package, and get the best price.","og_url":"https:\/\/africkasljiva.ba\/en\/why-to-use-forte\/","og_site_name":"Afri\u010dka \u0160ljiva","article_modified_time":"2018-02-22T08:37:17+00:00","twitter_card":"summary_large_image","twitter_misc":{"Est. reading time":"6 minutes"},"schema":{"@context":"https:\/\/schema.org","@graph":[{"@type":"WebPage","@id":"https:\/\/africkasljiva.ba\/en\/why-to-use-forte\/","url":"https:\/\/africkasljiva.ba\/en\/why-to-use-forte\/","name":"Why to use FORTE? - Afri\u010dka \u0160ljiva","isPartOf":{"@id":"https:\/\/africkasljiva.ba\/#website"},"datePublished":"2017-12-26T08:25:54+00:00","dateModified":"2018-02-22T08:37:17+00:00","breadcrumb":{"@id":"https:\/\/africkasljiva.ba\/en\/why-to-use-forte\/#breadcrumb"},"inLanguage":"en-US","potentialAction":[{"@type":"ReadAction","target":["https:\/\/africkasljiva.ba\/en\/why-to-use-forte\/"]}]},{"@type":"BreadcrumbList","@id":"https:\/\/africkasljiva.ba\/en\/why-to-use-forte\/#breadcrumb","itemListElement":[{"@type":"ListItem","position":1,"name":"Home","item":"https:\/\/africkasljiva.ba\/en\/"},{"@type":"ListItem","position":2,"name":"Why to use FORTE?"}]},{"@type":"WebSite","@id":"https:\/\/africkasljiva.ba\/#website","url":"https:\/\/africkasljiva.ba\/","name":"Afri\u010dka \u0160ljiva","description":"Prirodni preparat za potenciju - ne pada!","potentialAction":[{"@type":"SearchAction","target":{"@type":"EntryPoint","urlTemplate":"https:\/\/africkasljiva.ba\/?s={search_term_string}"},"query-input":{"@type":"PropertyValueSpecification","valueRequired":true,"valueName":"search_term_string"}}],"inLanguage":"en-US"}]}},"_links":{"self":[{"href":"https:\/\/africkasljiva.ba\/en\/wp-json\/wp\/v2\/pages\/762","targetHints":{"allow":["GET"]}}],"collection":[{"href":"https:\/\/africkasljiva.ba\/en\/wp-json\/wp\/v2\/pages"}],"about":[{"href":"https:\/\/africkasljiva.ba\/en\/wp-json\/wp\/v2\/types\/page"}],"author":[{"embeddable":true,"href":"https:\/\/africkasljiva.ba\/en\/wp-json\/wp\/v2\/users\/9"}],"replies":[{"embeddable":true,"href":"https:\/\/africkasljiva.ba\/en\/wp-json\/wp\/v2\/comments?post=762"}],"version-history":[{"count":12,"href":"https:\/\/africkasljiva.ba\/en\/wp-json\/wp\/v2\/pages\/762\/revisions"}],"predecessor-version":[{"id":1032,"href":"https:\/\/africkasljiva.ba\/en\/wp-json\/wp\/v2\/pages\/762\/revisions\/1032"}],"wp:attachment":[{"href":"https:\/\/africkasljiva.ba\/en\/wp-json\/wp\/v2\/media?parent=762"}],"curies":[{"name":"wp","href":"https:\/\/api.w.org\/{rel}","templated":true}]}}