{"id":793,"date":"2017-12-06T14:11:58","date_gmt":"2017-12-06T14:11:58","guid":{"rendered":"https:\/\/africkasljiva.com\/?page_id=793"},"modified":"2017-12-28T11:35:30","modified_gmt":"2017-12-28T11:35:30","slug":"potency","status":"publish","type":"page","link":"https:\/\/africkasljiva.ba\/en\/potency\/","title":{"rendered":"Potency"},"content":{"rendered":"<p>[et_pb_section fb_built=&#8221;1&#8243; _builder_version=&#8221;3.0.92&#8243; background_image=&#8221;http:\/\/africkasljiva.com\/wp-content\/uploads\/2017\/12\/africka-sljiva-1.jpg&#8221; custom_padding=&#8221;0px|0px|0px|0px&#8221;][et_pb_row custom_padding=&#8221;50px|0px|50px|0px&#8221; _builder_version=&#8221;3.0.90&#8243;][et_pb_column type=&#8221;1_3&#8243; _builder_version=&#8221;3.0.47&#8243; parallax=&#8221;off&#8221; parallax_method=&#8221;on&#8221;][et_pb_blurb title=&#8221;HELPS TO ACHIEVE AND MAINTAIN ERECTION&#8221; _builder_version=&#8221;3.0.92&#8243; header_font=&#8221;Dosis||||||||&#8221; header_font_size=&#8221;31px&#8221; header_text_color=&#8221;#ffffff&#8221; body_font=&#8221;Dosis||||||||&#8221; body_font_size=&#8221;18px&#8221; body_text_color=&#8221;#cccccc&#8221;]<\/p>\n<p><span>At the same time, it is believed that in addition to alleviating erectile disorders, African Plum can help men to achieve and maintain erection, as well as improve libido. This may be due to the presence of active ingredients such as terpenes, n-docosanol and beta sitosterol in African Plum tree bark extract.<\/span><\/p>\n<p>[\/et_pb_blurb][\/et_pb_column][et_pb_column type=&#8221;1_3&#8243; _builder_version=&#8221;3.0.47&#8243; parallax=&#8221;off&#8221; parallax_method=&#8221;on&#8221;][et_pb_blurb title=&#8221;RELIEVES ERECTILE DISORDERS&#8221; _builder_version=&#8221;3.0.92&#8243; header_font=&#8221;Dosis||||||||&#8221; header_font_size=&#8221;31px&#8221; header_text_color=&#8221;#ffffff&#8221; body_font=&#8221;Dosis||||||||&#8221; body_font_size=&#8221;18px&#8221; body_text_color=&#8221;#cccccc&#8221;]<\/p>\n<p><span>African Plum extract helps to reduce the enlarged prostate and thus alleviates a number of problems with urination (painful urination, incomplete bladder emptying, emptying, emptying drop by drop, as well as weak and intermittent urine flow). These problems pose a serious obstacle to sexual enjoyment so any substance that provides relief from such ailments indirectly acts as an aphrodisiac.<\/span><\/p>\n<p>[\/et_pb_blurb][\/et_pb_column][et_pb_column type=&#8221;1_3&#8243; _builder_version=&#8221;3.0.47&#8243; parallax=&#8221;off&#8221; parallax_method=&#8221;on&#8221;][\/et_pb_column][\/et_pb_row][\/et_pb_section][et_pb_section fb_built=&#8221;1&#8243; _builder_version=&#8221;3.0.90&#8243; custom_padding=&#8221;0px|0px|54px|0px&#8221;][et_pb_row custom_padding=&#8221;41px|0px|27px|0px&#8221; custom_margin=&#8221;|||&#8221; _builder_version=&#8221;3.0.90&#8243; module_alignment=&#8221;center&#8221;][et_pb_column type=&#8221;1_2&#8243; _builder_version=&#8221;3.0.47&#8243; parallax=&#8221;off&#8221; parallax_method=&#8221;on&#8221;][et_pb_blurb title=&#8221;AFRICAN PLUM AND POTENCY&#8221; _builder_version=&#8221;3.0.92&#8243; header_font=&#8221;Dosis||||||||&#8221; header_font_size=&#8221;38px&#8221; header_text_color=&#8221;#202c55&#8243; body_font=&#8221;Dosis||||||||&#8221; body_font_size=&#8221;18px&#8221; custom_margin=&#8221;0px||0px|&#8221; custom_padding=&#8221;|||&#8221;][\/et_pb_blurb][et_pb_blurb _builder_version=&#8221;3.0.92&#8243; body_font=&#8221;Dosis||||||||&#8221; body_font_size=&#8221;18px&#8221; custom_margin=&#8221;0px||0px|&#8221; custom_padding=&#8221;0px||0px|&#8221;]<\/p>\n<div class=\"wpb_text_column wpb_content_element \">\n<div class=\"wpb_wrapper\">\n<div class=\"wpb_text_column wpb_content_element \">\n<div class=\"wpb_wrapper\">\n<div class=\"wtrContainer wtrContainerColor wtrPost wtrPage\">\n<div class=\"wtrInner clearfix\">\n<section class=\"wtrContentCol wtrContentNoSidebar clearfix\">\n<div class=\"wtrPageContent clearfix\">\n<div class=\"wtrSht wtrStandardRow wtrShtBoxedWidth wtrNoAboveMenuRow wtrNoAutoHeightColumns  \">\n<div class=\"wtrSht \">\n<div class=\"wtrPageContent vcRow wtrMargin clearfix\">\n<div class=\"wtrStandardColumn vc_col-sm-8 wtrNoRoundedCornersColumn wpb_column vc_column_container \">\n<div class=\"wpb_wrapper  \">\n<div class=\"wpb_text_column wpb_content_element \">\n<div class=\"wpb_wrapper\">\n<div class=\"wpb_text_column wpb_content_element \">\n<div class=\"wpb_wrapper\">\n<p>Since the beginning of human civilization, to this day there are certain substances known to increase sexual desire and improve the quality of the sexual experience. For centuries, African Plum was used as an aphrodisiac among the tribes of South Africa. It was not until the arrival of colonialism and discovery of traditional medicinal plants that African Plum began to be used in Europe.<\/p>\n<p>\u00a0<\/p>\n<\/div>\n<\/div>\n<div class=\"wpb_text_column wpb_content_element \">\n<div class=\"wpb_wrapper\">\n<p>The most important application of African Plum for men is to treat benign prostate hyperplasia (prostate enlargement). An enlarged prostate hinders urination in men and causes other unpleasant symptoms (also compromising sexual potency). In conventional medicine, prostate enlargement is treated by surgery or medicines. In the first case, part of the enlarged prostate is removed and the normal flow of urine is thus restored. However, this also involves the removal of certain nerves that pass through the prostate, and play a role in sexual stimulation. Medicines used to reduce the enlarged prostate can in certain cases also have undesirable effects such as erectile or sexual dysfunction.<\/p>\n<p>\u00a0<\/p>\n<\/div>\n<\/div>\n<div class=\"wpb_text_column wpb_content_element \">\n<div class=\"wpb_wrapper\">\n<p>On the other hand, herbal supplements such as African Plum can prove to be just as useful in reducing the discomfort accompanying prostate enlargement, but without undesirable effects on male libido.<\/p>\n<\/div>\n<\/div>\n<\/div>\n<\/div>\n<\/div>\n<\/div>\n<\/div>\n<\/div>\n<\/div>\n<\/div>\n<\/section>\n<\/div>\n<\/div>\n<\/div>\n<\/div>\n<\/div>\n<\/div>\n<p>[\/et_pb_blurb][\/et_pb_column][et_pb_column type=&#8221;1_2&#8243; _builder_version=&#8221;3.0.47&#8243; parallax=&#8221;off&#8221; parallax_method=&#8221;on&#8221;][et_pb_image src=&#8221;https:\/\/africkasljiva.com\/wp-content\/uploads\/2017\/12\/Africka-Sljiva-za-potenciju-2.png&#8221; align=&#8221;center&#8221; _builder_version=&#8221;3.0.92&#8243; animation_style=&#8221;slide&#8221; animation_direction=&#8221;right&#8221;][\/et_pb_image][et_pb_blurb title=&#8221;If you have additional questions, feel free to contact us every working day 09:00h \u2013 18:00h CET.&#8221; _builder_version=&#8221;3.0.92&#8243; header_font=&#8221;Dosis||||||||&#8221; header_font_size=&#8221;21px&#8221; body_font=&#8221;||||||||&#8221; body_font_size=&#8221;40px&#8221; body_text_color=&#8221;#202c55&#8243; custom_margin=&#8221;0px||0px|&#8221;][\/et_pb_blurb][et_pb_blurb title=&#8221;+381 11 207 08 07&#8243; url=&#8221;tel:+381112070807&#8243; url_new_window=&#8221;on&#8221; _builder_version=&#8221;3.0.91&#8243; header_font=&#8221;Dosis||||||||&#8221; header_font_size=&#8221;47px&#8221; header_font_size_phone=&#8221;32px&#8221; header_font_size_last_edited=&#8221;on|phone&#8221; header_text_color=&#8221;#202c55&#8243; body_font=&#8221;||||||||&#8221; body_font_size=&#8221;40px&#8221; body_text_color=&#8221;#202c55&#8243; custom_margin=&#8221;0px||0px|&#8221; custom_padding=&#8221;0px||0px|&#8221;][\/et_pb_blurb][\/et_pb_column][\/et_pb_row][et_pb_row _builder_version=&#8221;3.0.90&#8243;][et_pb_column type=&#8221;4_4&#8243; _builder_version=&#8221;3.0.47&#8243; parallax=&#8221;off&#8221; parallax_method=&#8221;on&#8221;][et_pb_blurb title=&#8221;Does prostate enlargement cause impotence?&#8221; content_max_width=&#8221;871px&#8221; _builder_version=&#8221;3.0.92&#8243; header_font=&#8221;Dosis||||||||&#8221; header_text_align=&#8221;center&#8221; header_font_size=&#8221;38px&#8221; header_text_color=&#8221;#1caf5c&#8221; body_font=&#8221;Dosis||||||||&#8221; body_text_align=&#8221;center&#8221; body_font_size=&#8221;20px&#8221; border_radii=&#8221;on|3px|3px|3px|3px&#8221; border_width_all=&#8221;3px&#8221; border_color_all=&#8221;#023398&#8243; border_style_all=&#8221;dashed&#8221; custom_margin=&#8221;|||&#8221; custom_padding=&#8221;40px|30px|40px|30px&#8221; animation_style=&#8221;flip&#8221; animation_duration=&#8221;800ms&#8221; custom_css_main_element=&#8221;border-radius: 30px;&#8221;]<\/p>\n<p><span>A study performed in America and six European countries on approximately 14,000 men, aged 50 to 80 years, demonstrated a strong link between benign prostatic hyperplasia and urinary problems or erectile dysfunction. 50% of all subjects reported sexual function difficulties, and 10% complete\u00a0impotence.<\/span><\/p>\n<p>[\/et_pb_blurb][\/et_pb_column][\/et_pb_row][\/et_pb_section]<\/p>\n","protected":false},"excerpt":{"rendered":"<p>At the same time, it is believed that in addition to alleviating erectile disorders, African Plum can help men to achieve and maintain erection, as well as improve libido. This may be due to the presence of active ingredients such as terpenes, n-docosanol and beta sitosterol in African Plum tree bark extract.African Plum extract helps [&hellip;]<\/p>\n","protected":false},"author":9,"featured_media":0,"parent":0,"menu_order":0,"comment_status":"closed","ping_status":"closed","template":"","meta":{"_et_pb_use_builder":"on","_et_pb_old_content":"","_et_gb_content_width":"","footnotes":""},"class_list":["post-793","page","type-page","status-publish","hentry"],"yoast_head":"<!-- This site is optimized with the Yoast SEO plugin v27.4 - https:\/\/yoast.com\/product\/yoast-seo-wordpress\/ -->\n<title>Potency - Afri\u010dka \u0160ljiva<\/title>\n<meta name=\"robots\" content=\"index, follow, max-snippet:-1, max-image-preview:large, max-video-preview:-1\" \/>\n<link rel=\"canonical\" href=\"https:\/\/africkasljiva.ba\/en\/potency\/\" \/>\n<meta property=\"og:locale\" content=\"en_US\" \/>\n<meta property=\"og:type\" content=\"article\" \/>\n<meta property=\"og:title\" content=\"Afri\u010dka \u0160ljiva - Za potentnost muskarca - 100% potencija\" \/>\n<meta property=\"og:description\" content=\"Afri\u010dka \u0161ljiva doprinosi postizanju i odr\u017eavanju erekcije kod mu\u0161karaca, i poma\u017ee da se pobolj\u0161a potencija. Dostupno online.100% prirodno!\" \/>\n<meta property=\"og:url\" content=\"https:\/\/africkasljiva.ba\/en\/potency\/\" \/>\n<meta property=\"og:site_name\" content=\"Afri\u010dka \u0160ljiva\" \/>\n<meta property=\"article:modified_time\" content=\"2017-12-28T11:35:30+00:00\" \/>\n<meta name=\"twitter:card\" content=\"summary_large_image\" \/>\n<meta name=\"twitter:label1\" content=\"Est. reading time\" \/>\n\t<meta name=\"twitter:data1\" content=\"4 minutes\" \/>\n<script type=\"application\/ld+json\" class=\"yoast-schema-graph\">{\"@context\":\"https:\\\/\\\/schema.org\",\"@graph\":[{\"@type\":\"WebPage\",\"@id\":\"https:\\\/\\\/africkasljiva.ba\\\/en\\\/potency\\\/\",\"url\":\"https:\\\/\\\/africkasljiva.ba\\\/en\\\/potency\\\/\",\"name\":\"Potency - Afri\u010dka \u0160ljiva\",\"isPartOf\":{\"@id\":\"https:\\\/\\\/africkasljiva.ba\\\/#website\"},\"datePublished\":\"2017-12-06T14:11:58+00:00\",\"dateModified\":\"2017-12-28T11:35:30+00:00\",\"breadcrumb\":{\"@id\":\"https:\\\/\\\/africkasljiva.ba\\\/en\\\/potency\\\/#breadcrumb\"},\"inLanguage\":\"en-US\",\"potentialAction\":[{\"@type\":\"ReadAction\",\"target\":[\"https:\\\/\\\/africkasljiva.ba\\\/en\\\/potency\\\/\"]}]},{\"@type\":\"BreadcrumbList\",\"@id\":\"https:\\\/\\\/africkasljiva.ba\\\/en\\\/potency\\\/#breadcrumb\",\"itemListElement\":[{\"@type\":\"ListItem\",\"position\":1,\"name\":\"Home\",\"item\":\"https:\\\/\\\/africkasljiva.ba\\\/en\\\/\"},{\"@type\":\"ListItem\",\"position\":2,\"name\":\"Potency\"}]},{\"@type\":\"WebSite\",\"@id\":\"https:\\\/\\\/africkasljiva.ba\\\/#website\",\"url\":\"https:\\\/\\\/africkasljiva.ba\\\/\",\"name\":\"Afri\u010dka \u0160ljiva\",\"description\":\"Prirodni preparat za potenciju - ne pada!\",\"potentialAction\":[{\"@type\":\"SearchAction\",\"target\":{\"@type\":\"EntryPoint\",\"urlTemplate\":\"https:\\\/\\\/africkasljiva.ba\\\/?s={search_term_string}\"},\"query-input\":{\"@type\":\"PropertyValueSpecification\",\"valueRequired\":true,\"valueName\":\"search_term_string\"}}],\"inLanguage\":\"en-US\"}]}<\/script>\n<!-- \/ Yoast SEO plugin. -->","yoast_head_json":{"title":"Potency - Afri\u010dka \u0160ljiva","robots":{"index":"index","follow":"follow","max-snippet":"max-snippet:-1","max-image-preview":"max-image-preview:large","max-video-preview":"max-video-preview:-1"},"canonical":"https:\/\/africkasljiva.ba\/en\/potency\/","og_locale":"en_US","og_type":"article","og_title":"Afri\u010dka \u0160ljiva - Za potentnost muskarca - 100% potencija","og_description":"Afri\u010dka \u0161ljiva doprinosi postizanju i odr\u017eavanju erekcije kod mu\u0161karaca, i poma\u017ee da se pobolj\u0161a potencija. Dostupno online.100% prirodno!","og_url":"https:\/\/africkasljiva.ba\/en\/potency\/","og_site_name":"Afri\u010dka \u0160ljiva","article_modified_time":"2017-12-28T11:35:30+00:00","twitter_card":"summary_large_image","twitter_misc":{"Est. reading time":"4 minutes"},"schema":{"@context":"https:\/\/schema.org","@graph":[{"@type":"WebPage","@id":"https:\/\/africkasljiva.ba\/en\/potency\/","url":"https:\/\/africkasljiva.ba\/en\/potency\/","name":"Potency - Afri\u010dka \u0160ljiva","isPartOf":{"@id":"https:\/\/africkasljiva.ba\/#website"},"datePublished":"2017-12-06T14:11:58+00:00","dateModified":"2017-12-28T11:35:30+00:00","breadcrumb":{"@id":"https:\/\/africkasljiva.ba\/en\/potency\/#breadcrumb"},"inLanguage":"en-US","potentialAction":[{"@type":"ReadAction","target":["https:\/\/africkasljiva.ba\/en\/potency\/"]}]},{"@type":"BreadcrumbList","@id":"https:\/\/africkasljiva.ba\/en\/potency\/#breadcrumb","itemListElement":[{"@type":"ListItem","position":1,"name":"Home","item":"https:\/\/africkasljiva.ba\/en\/"},{"@type":"ListItem","position":2,"name":"Potency"}]},{"@type":"WebSite","@id":"https:\/\/africkasljiva.ba\/#website","url":"https:\/\/africkasljiva.ba\/","name":"Afri\u010dka \u0160ljiva","description":"Prirodni preparat za potenciju - ne pada!","potentialAction":[{"@type":"SearchAction","target":{"@type":"EntryPoint","urlTemplate":"https:\/\/africkasljiva.ba\/?s={search_term_string}"},"query-input":{"@type":"PropertyValueSpecification","valueRequired":true,"valueName":"search_term_string"}}],"inLanguage":"en-US"}]}},"_links":{"self":[{"href":"https:\/\/africkasljiva.ba\/en\/wp-json\/wp\/v2\/pages\/793","targetHints":{"allow":["GET"]}}],"collection":[{"href":"https:\/\/africkasljiva.ba\/en\/wp-json\/wp\/v2\/pages"}],"about":[{"href":"https:\/\/africkasljiva.ba\/en\/wp-json\/wp\/v2\/types\/page"}],"author":[{"embeddable":true,"href":"https:\/\/africkasljiva.ba\/en\/wp-json\/wp\/v2\/users\/9"}],"replies":[{"embeddable":true,"href":"https:\/\/africkasljiva.ba\/en\/wp-json\/wp\/v2\/comments?post=793"}],"version-history":[{"count":10,"href":"https:\/\/africkasljiva.ba\/en\/wp-json\/wp\/v2\/pages\/793\/revisions"}],"predecessor-version":[{"id":986,"href":"https:\/\/africkasljiva.ba\/en\/wp-json\/wp\/v2\/pages\/793\/revisions\/986"}],"wp:attachment":[{"href":"https:\/\/africkasljiva.ba\/en\/wp-json\/wp\/v2\/media?parent=793"}],"curies":[{"name":"wp","href":"https:\/\/api.w.org\/{rel}","templated":true}]}}