{"id":798,"date":"2017-12-06T14:13:05","date_gmt":"2017-12-06T14:13:05","guid":{"rendered":"https:\/\/africkasljiva.com\/?page_id=798"},"modified":"2018-05-22T08:48:19","modified_gmt":"2018-05-22T08:48:19","slug":"contact-us","status":"publish","type":"page","link":"https:\/\/africkasljiva.ba\/en\/contact-us\/","title":{"rendered":"Contact Us"},"content":{"rendered":"<p>[et_pb_section fb_built=&#8221;1&#8243; admin_label=&#8221;section&#8221; _builder_version=&#8221;3.0.92&#8243; background_image=&#8221;http:\/\/africkasljiva.com\/wp-content\/uploads\/2017\/12\/african-plum.jpg&#8221; custom_padding=&#8221;1px|0px|54px|0px&#8221;][et_pb_row custom_padding=&#8221;35px||0px|&#8221; custom_padding_phone=&#8221;|||&#8221; custom_margin=&#8221;0px||0px|&#8221; custom_padding_last_edited=&#8221;on|phone&#8221; _builder_version=&#8221;3.0.91&#8243;][et_pb_column type=&#8221;4_4&#8243; _builder_version=&#8221;3.0.90&#8243; parallax=&#8221;off&#8221; parallax_method=&#8221;on&#8221;][et_pb_blurb title=&#8221;Contact&#8221; _builder_version=&#8221;3.0.92&#8243; header_level=&#8221;h1&#8243; header_font=&#8221;Dosis|600|||||||&#8221; header_text_align=&#8221;center&#8221; header_text_color=&#8221;#012369&#8243; header_font_size=&#8221;50px&#8221; header_text_shadow_style=&#8221;preset1&#8243;][\/et_pb_blurb][\/et_pb_column][\/et_pb_row][et_pb_row custom_padding=&#8221;14px||27px|&#8221; custom_padding_phone=&#8221;0px|||&#8221; custom_margin=&#8221;0px||0px|&#8221; custom_padding_last_edited=&#8221;on|phone&#8221; _builder_version=&#8221;3.0.91&#8243;][et_pb_column type=&#8221;1_2&#8243; _builder_version=&#8221;3.0.90&#8243; parallax=&#8221;off&#8221; parallax_method=&#8221;on&#8221;][et_pb_text _builder_version=&#8221;3.0.91&#8243;][\/et_pb_text][et_pb_contact_form email=&#8221;marketing@proton.rs&#8221; custom_message=&#8221;%%Name%%||et_pb_line_break_holder||%%Email%%||et_pb_line_break_holder||%%Message%%||et_pb_line_break_holder||||et_pb_line_break_holder||Contact Us ENG &#8211; Africka sljiva&#8221; success_message=&#8221;Thank you! Your message has been sent successfully.&#8221; submit_button_text=&#8221;Send&#8221; form_background_color=&#8221;#f2f2f2&#8243; module_id=&#8221;et_pb_contact_form_0&#8243; _builder_version=&#8221;3.3.1&#8243; form_field_font=&#8221;||||||||&#8221; border_radii=&#8221;on|1px|1px|1px|1px&#8221; border_width_all=&#8221;1px&#8221; border_color_all=&#8221;#2a9255&#8243; custom_button=&#8221;on&#8221; button_text_size=&#8221;22px&#8221; button_text_color=&#8221;#ffffff&#8221; button_bg_use_color_gradient=&#8221;on&#8221; button_bg_color_gradient_start=&#8221;#35b159&#8243; button_bg_color_gradient_end=&#8221;#16662a&#8221; button_border_width=&#8221;1px&#8221; button_border_color=&#8221;#16662a&#8221; button_font=&#8221;||||||||&#8221;][et_pb_contact_field field_id=&#8221;Name&#8221; field_title=&#8221;Name&#8221; _builder_version=&#8221;3.0.92&#8243; border_radii=&#8221;on||||&#8221;][\/et_pb_contact_field][et_pb_contact_field field_id=&#8221;Email&#8221; field_title=&#8221;Email&#8221; field_type=&#8221;email&#8221; _builder_version=&#8221;3.0.92&#8243; border_radii=&#8221;on||||&#8221;][\/et_pb_contact_field][et_pb_contact_field field_id=&#8221;Message&#8221; field_title=&#8221;Message&#8221; field_type=&#8221;text&#8221; fullwidth_field=&#8221;on&#8221; _builder_version=&#8221;3.0.92&#8243; border_radii=&#8221;on||||&#8221;][\/et_pb_contact_field][et_pb_contact_field field_id=&#8221;Field_4&#8243; field_type=&#8221;checkbox&#8221; fullwidth_field=&#8221;on&#8221; _builder_version=&#8221;3.3.1&#8243; checkbox_options=&#8221;%91{%22value%22:%22I accept the Privacy Statement%22,%22checked%22:0,%22dragID%22:0}%93&#8243;][\/et_pb_contact_field][\/et_pb_contact_form][et_pb_text _builder_version=&#8221;3.3.1&#8243;]<a style=\"text-decoration: underline; text-align: center; color: #343B99;\" href=\"https:\/\/africkasljiva.com\/en\/privacy-policy\/\">Privacy Policy<\/a>[\/et_pb_text][\/et_pb_column][et_pb_column type=&#8221;1_2&#8243; _builder_version=&#8221;3.0.90&#8243; parallax=&#8221;off&#8221; parallax_method=&#8221;on&#8221;][et_pb_image src=&#8221;https:\/\/africkasljiva.com\/wp-content\/uploads\/2017\/12\/Africka-Sljiva-za-potenciju-2.png&#8221; align=&#8221;center&#8221; _builder_version=&#8221;3.0.92&#8243; animation_style=&#8221;slide&#8221; animation_direction=&#8221;right&#8221;][\/et_pb_image][\/et_pb_column][\/et_pb_row][\/et_pb_section][et_pb_section fb_built=&#8221;1&#8243; _builder_version=&#8221;3.0.91&#8243; custom_padding=&#8221;1px|0px|5px|0px&#8221;][et_pb_row custom_padding=&#8221;33px|0px|0px|0px&#8221; _builder_version=&#8221;3.0.91&#8243;][et_pb_column type=&#8221;4_4&#8243; _builder_version=&#8221;3.0.91&#8243; parallax=&#8221;off&#8221; parallax_method=&#8221;on&#8221;][et_pb_blurb title=&#8221;Contact information&#8221; _builder_version=&#8221;3.0.92&#8243; header_level=&#8221;h2&#8243; header_font=&#8221;Dosis||||||||&#8221; header_text_align=&#8221;center&#8221; header_font_size=&#8221;46px&#8221; custom_margin=&#8221;20px||20px|&#8221;][\/et_pb_blurb][\/et_pb_column][\/et_pb_row][et_pb_row _builder_version=&#8221;3.0.91&#8243;][et_pb_column type=&#8221;1_2&#8243; _builder_version=&#8221;3.0.91&#8243; parallax=&#8221;off&#8221; parallax_method=&#8221;on&#8221;][et_pb_blurb title=&#8221;Phone: +381 11 20 70 807&#8243; url=&#8221;tel:+381112070807&#8243; use_icon=&#8221;on&#8221; font_icon=&#8221;%%104%%&#8221; icon_color=&#8221;#023398&#8243; icon_placement=&#8221;left&#8221; _builder_version=&#8221;3.0.92&#8243; header_level=&#8221;h3&#8243; header_font=&#8221;||||||||&#8221; header_text_color=&#8221;#187519&#8243; header_font_size=&#8221;27px&#8221; header_font_size_phone=&#8221;20px&#8221; header_font_size_last_edited=&#8221;on|phone&#8221; custom_margin=&#8221;||20px|&#8221;][\/et_pb_blurb][\/et_pb_column][et_pb_column type=&#8221;1_2&#8243; _builder_version=&#8221;3.0.91&#8243; parallax=&#8221;off&#8221; parallax_method=&#8221;on&#8221;][et_pb_blurb title=&#8221;Email: info@africkasljiva.com&#8221; url=&#8221;mailto:info@africkasljiva.com&#8221; use_icon=&#8221;on&#8221; font_icon=&#8221;%%109%%&#8221; icon_color=&#8221;#023398&#8243; icon_placement=&#8221;left&#8221; _builder_version=&#8221;3.0.91&#8243; header_level=&#8221;h3&#8243; header_font=&#8221;||||||||&#8221; header_text_color=&#8221;#187519&#8243; header_font_size=&#8221;27px&#8221; header_font_size_phone=&#8221;20px&#8221; header_font_size_last_edited=&#8221;on|phone&#8221; text_orientation=&#8221;center&#8221; custom_padding=&#8221;||20px|&#8221;][\/et_pb_blurb][\/et_pb_column][\/et_pb_row][\/et_pb_section]<\/p>\n","protected":false},"excerpt":{"rendered":"<p>Privacy Policy<\/p>\n","protected":false},"author":9,"featured_media":0,"parent":0,"menu_order":0,"comment_status":"closed","ping_status":"closed","template":"","meta":{"_et_pb_use_builder":"on","_et_pb_old_content":"","_et_gb_content_width":"","footnotes":""},"class_list":["post-798","page","type-page","status-publish","hentry"],"yoast_head":"<!-- This site is optimized with the Yoast SEO plugin v27.4 - https:\/\/yoast.com\/product\/yoast-seo-wordpress\/ -->\n<title>Contact Us - Afri\u010dka \u0160ljiva<\/title>\n<meta name=\"robots\" content=\"index, follow, max-snippet:-1, max-image-preview:large, max-video-preview:-1\" \/>\n<link rel=\"canonical\" href=\"https:\/\/africkasljiva.ba\/en\/contact-us\/\" \/>\n<meta property=\"og:locale\" content=\"en_US\" \/>\n<meta property=\"og:type\" content=\"article\" \/>\n<meta property=\"og:title\" content=\"Erektilna disfunkcija - pitanja i saveti stru\u010dnjaka\" \/>\n<meta property=\"og:description\" content=\"Po\u0161aljite nam pitanje vezano za problem erekcije. Erektilna disfunkcija je sve \u010de\u0161\u0107a i Afri\u010dka \u0160ljiva vam mo\u017ee pomo\u0107i!\" \/>\n<meta property=\"og:url\" content=\"https:\/\/africkasljiva.ba\/en\/contact-us\/\" \/>\n<meta property=\"og:site_name\" content=\"Afri\u010dka \u0160ljiva\" \/>\n<meta property=\"article:modified_time\" content=\"2018-05-22T08:48:19+00:00\" \/>\n<meta name=\"twitter:card\" content=\"summary_large_image\" \/>\n<meta name=\"twitter:label1\" content=\"Est. reading time\" \/>\n\t<meta name=\"twitter:data1\" content=\"3 minutes\" \/>\n<script type=\"application\/ld+json\" class=\"yoast-schema-graph\">{\"@context\":\"https:\\\/\\\/schema.org\",\"@graph\":[{\"@type\":\"WebPage\",\"@id\":\"https:\\\/\\\/africkasljiva.ba\\\/en\\\/contact-us\\\/\",\"url\":\"https:\\\/\\\/africkasljiva.ba\\\/en\\\/contact-us\\\/\",\"name\":\"Contact Us - Afri\u010dka \u0160ljiva\",\"isPartOf\":{\"@id\":\"https:\\\/\\\/africkasljiva.ba\\\/#website\"},\"datePublished\":\"2017-12-06T14:13:05+00:00\",\"dateModified\":\"2018-05-22T08:48:19+00:00\",\"breadcrumb\":{\"@id\":\"https:\\\/\\\/africkasljiva.ba\\\/en\\\/contact-us\\\/#breadcrumb\"},\"inLanguage\":\"en-US\",\"potentialAction\":[{\"@type\":\"ReadAction\",\"target\":[\"https:\\\/\\\/africkasljiva.ba\\\/en\\\/contact-us\\\/\"]}]},{\"@type\":\"BreadcrumbList\",\"@id\":\"https:\\\/\\\/africkasljiva.ba\\\/en\\\/contact-us\\\/#breadcrumb\",\"itemListElement\":[{\"@type\":\"ListItem\",\"position\":1,\"name\":\"Home\",\"item\":\"https:\\\/\\\/africkasljiva.ba\\\/en\\\/\"},{\"@type\":\"ListItem\",\"position\":2,\"name\":\"Contact Us\"}]},{\"@type\":\"WebSite\",\"@id\":\"https:\\\/\\\/africkasljiva.ba\\\/#website\",\"url\":\"https:\\\/\\\/africkasljiva.ba\\\/\",\"name\":\"Afri\u010dka \u0160ljiva\",\"description\":\"Prirodni preparat za potenciju - ne pada!\",\"potentialAction\":[{\"@type\":\"SearchAction\",\"target\":{\"@type\":\"EntryPoint\",\"urlTemplate\":\"https:\\\/\\\/africkasljiva.ba\\\/?s={search_term_string}\"},\"query-input\":{\"@type\":\"PropertyValueSpecification\",\"valueRequired\":true,\"valueName\":\"search_term_string\"}}],\"inLanguage\":\"en-US\"}]}<\/script>\n<!-- \/ Yoast SEO plugin. -->","yoast_head_json":{"title":"Contact Us - Afri\u010dka \u0160ljiva","robots":{"index":"index","follow":"follow","max-snippet":"max-snippet:-1","max-image-preview":"max-image-preview:large","max-video-preview":"max-video-preview:-1"},"canonical":"https:\/\/africkasljiva.ba\/en\/contact-us\/","og_locale":"en_US","og_type":"article","og_title":"Erektilna disfunkcija - pitanja i saveti stru\u010dnjaka","og_description":"Po\u0161aljite nam pitanje vezano za problem erekcije. Erektilna disfunkcija je sve \u010de\u0161\u0107a i Afri\u010dka \u0160ljiva vam mo\u017ee pomo\u0107i!","og_url":"https:\/\/africkasljiva.ba\/en\/contact-us\/","og_site_name":"Afri\u010dka \u0160ljiva","article_modified_time":"2018-05-22T08:48:19+00:00","twitter_card":"summary_large_image","twitter_misc":{"Est. reading time":"3 minutes"},"schema":{"@context":"https:\/\/schema.org","@graph":[{"@type":"WebPage","@id":"https:\/\/africkasljiva.ba\/en\/contact-us\/","url":"https:\/\/africkasljiva.ba\/en\/contact-us\/","name":"Contact Us - Afri\u010dka \u0160ljiva","isPartOf":{"@id":"https:\/\/africkasljiva.ba\/#website"},"datePublished":"2017-12-06T14:13:05+00:00","dateModified":"2018-05-22T08:48:19+00:00","breadcrumb":{"@id":"https:\/\/africkasljiva.ba\/en\/contact-us\/#breadcrumb"},"inLanguage":"en-US","potentialAction":[{"@type":"ReadAction","target":["https:\/\/africkasljiva.ba\/en\/contact-us\/"]}]},{"@type":"BreadcrumbList","@id":"https:\/\/africkasljiva.ba\/en\/contact-us\/#breadcrumb","itemListElement":[{"@type":"ListItem","position":1,"name":"Home","item":"https:\/\/africkasljiva.ba\/en\/"},{"@type":"ListItem","position":2,"name":"Contact Us"}]},{"@type":"WebSite","@id":"https:\/\/africkasljiva.ba\/#website","url":"https:\/\/africkasljiva.ba\/","name":"Afri\u010dka \u0160ljiva","description":"Prirodni preparat za potenciju - ne pada!","potentialAction":[{"@type":"SearchAction","target":{"@type":"EntryPoint","urlTemplate":"https:\/\/africkasljiva.ba\/?s={search_term_string}"},"query-input":{"@type":"PropertyValueSpecification","valueRequired":true,"valueName":"search_term_string"}}],"inLanguage":"en-US"}]}},"_links":{"self":[{"href":"https:\/\/africkasljiva.ba\/en\/wp-json\/wp\/v2\/pages\/798","targetHints":{"allow":["GET"]}}],"collection":[{"href":"https:\/\/africkasljiva.ba\/en\/wp-json\/wp\/v2\/pages"}],"about":[{"href":"https:\/\/africkasljiva.ba\/en\/wp-json\/wp\/v2\/types\/page"}],"author":[{"embeddable":true,"href":"https:\/\/africkasljiva.ba\/en\/wp-json\/wp\/v2\/users\/9"}],"replies":[{"embeddable":true,"href":"https:\/\/africkasljiva.ba\/en\/wp-json\/wp\/v2\/comments?post=798"}],"version-history":[{"count":12,"href":"https:\/\/africkasljiva.ba\/en\/wp-json\/wp\/v2\/pages\/798\/revisions"}],"predecessor-version":[{"id":1086,"href":"https:\/\/africkasljiva.ba\/en\/wp-json\/wp\/v2\/pages\/798\/revisions\/1086"}],"wp:attachment":[{"href":"https:\/\/africkasljiva.ba\/en\/wp-json\/wp\/v2\/media?parent=798"}],"curies":[{"name":"wp","href":"https:\/\/api.w.org\/{rel}","templated":true}]}}