{"id":833,"date":"2017-12-15T12:51:25","date_gmt":"2017-12-15T12:51:25","guid":{"rendered":"https:\/\/africkasljiva.com\/porucivanje-van-srbije\/"},"modified":"2018-06-13T12:16:26","modified_gmt":"2018-06-13T12:16:26","slug":"porucivanje-van-srbije","status":"publish","type":"page","link":"https:\/\/africkasljiva.ba\/en\/porucivanje-van-srbije\/","title":{"rendered":"Poru\u010divanje van Srbije"},"content":{"rendered":"<p>[et_pb_section bb_built=&#8221;1&#8243; _builder_version=&#8221;3.0.92&#8243; background_image=&#8221;https:\/\/africkasljiva.com\/wp-content\/uploads\/2017\/12\/Africka-Sljiva-Cena-potencija-Prostata.jpg&#8221; custom_padding=&#8221;35px|0px|35px|0px&#8221; next_background_color=&#8221;#ffffff&#8221;][et_pb_row _builder_version=&#8221;3.0.47&#8243; background_size=&#8221;initial&#8221; background_position=&#8221;top_left&#8221; background_repeat=&#8221;repeat&#8221;][et_pb_column type=&#8221;1_2&#8243;][et_pb_blurb _builder_version=&#8221;3.0.91&#8243; body_font=&#8221;Dosis|600|||||||&#8221; body_font_size=&#8221;45px&#8221; body_text_color=&#8221;#004383&#8243; body_line_height=&#8221;1.2em&#8221; body_text_shadow_style=&#8221;preset1&#8243;]<\/p>\n<p>Poru\u010dite pakete i<br \/>\nOSTVARITE POPUSTE<\/p>\n<p>[\/et_pb_blurb][\/et_pb_column][et_pb_column type=&#8221;1_2&#8243;][\/et_pb_column][\/et_pb_row][\/et_pb_section][et_pb_section bb_built=&#8221;1&#8243; _builder_version=&#8221;3.0.91&#8243; custom_padding=&#8221;40px|0px|54px|0px&#8221; prev_background_color=&#8221;#000000&#8243;][et_pb_row custom_padding=&#8221;33px|0px|0px|0px&#8221; _builder_version=&#8221;3.0.91&#8243;][et_pb_column type=&#8221;4_4&#8243;][et_pb_blurb title=&#8221;AFRI\u010cKA \u0160LJIVA&#8221; _builder_version=&#8221;3.0.91&#8243; header_level=&#8221;h2&#8243; header_font=&#8221;Dosis||||||||&#8221; header_text_align=&#8221;center&#8221; header_font_size=&#8221;36px&#8221; \/][\/et_pb_column][\/et_pb_row][et_pb_row custom_padding=&#8221;40px|0px|41px|0px&#8221; _builder_version=&#8221;3.0.91&#8243;][et_pb_column type=&#8221;1_4&#8243;][et_pb_image src=&#8221;\/wp-content\/uploads\/2017\/12\/africka-sljiva-druga-strana-kapsule-kutija-.png&#8221; disabled_on=&#8221;on|off|off&#8221; _builder_version=&#8221;3.5.1&#8243; max_width_tablet=&#8221;100%&#8221; max_width_last_edited=&#8221;on|phone&#8221; \/][\/et_pb_column][et_pb_column type=&#8221;1_4&#8243;][et_pb_blurb title=&#8221;BLUE &#8211; A\u0160&#8221; _builder_version=&#8221;3.5.1&#8243; header_font=&#8221;Dosis||||||||&#8221; header_text_align=&#8221;center&#8221; header_font_size=&#8221;28px&#8221; body_font=&#8221;|600|||||||&#8221; body_text_align=&#8221;center&#8221; border_radii=&#8221;on|2px|2px|2px|2px&#8221; border_width_all=&#8221;2px&#8221; border_color_all=&#8221;#cccccc&#8221; custom_margin=&#8221;0px||0px|&#8221; custom_padding=&#8221;20px|20px|20px|20px&#8221;]<\/p>\n<p><span style=\"color: white; background: #9b59b6; padding: 7px 10px; border-radius: 3px; font-size: 12px; margin-top: 10px !important;\">STANDARD<\/span><\/p>\n<p style=\"text-align: center; color: #808080;\">1 kutija Afri\u010dke \u0160ljive za 10 dana kori\u0161\u0107enja.<\/p>\n<p style=\"text-align: center; font-size: 20px;\">CENA: <span style=\"color: red;\">11 \u20ac<\/span><\/p>\n<form style=\"height: 60px;\" action=\"https:\/\/www.paypal.com\/cgi-bin\/webscr\" method=\"post\" target=\"paypal\"><input name=\"business\" type=\"hidden\" value=\"ivan.miljanic@proton.rs\" \/><br \/>\n<input name=\"cmd\" type=\"hidden\" value=\"_cart\" \/><br \/>\n<input name=\"add\" type=\"hidden\" value=\"1\" \/><br \/>\n<input name=\"item_name\" type=\"hidden\" value=\"1x - Africka Sljiva\" \/><br \/>\n<input name=\"amount\" type=\"hidden\" value=\"11\" \/><br \/>\n<input name=\"currency_code\" type=\"hidden\" value=\"EUR\" \/><br \/>\n<input class=\"alignleft\" style=\"border: 0px; margin: 0px; margin-top: -120px;\" alt=\"PayPal - The safer, easier way to pay online\" name=\"submit\" src=\"\/wp-content\/uploads\/2017\/12\/btn_buynowCC_LG.gif\" type=\"image\" \/><br \/>\n<img loading=\"lazy\" decoding=\"async\" src=\"https:\/\/www.paypal.com\/en_US\/i\/scr\/pixel.gif\" alt=\"\" width=\"1\" height=\"1\" border=\"0\" \/><\/form>\n<p>[\/et_pb_blurb][\/et_pb_column][et_pb_column type=&#8221;1_4&#8243;][et_pb_blurb title=&#8221;SILVER &#8211; A\u0160&#8221; _builder_version=&#8221;3.5.1&#8243; header_font=&#8221;Dosis||||||||&#8221; header_text_align=&#8221;center&#8221; header_font_size=&#8221;28px&#8221; body_font=&#8221;|600|||||||&#8221; body_text_align=&#8221;center&#8221; border_radii=&#8221;on|2px|2px|2px|2px&#8221; border_width_all=&#8221;2px&#8221; border_color_all=&#8221;#ccc&#8221; custom_margin=&#8221;0px||0px|&#8221; custom_padding=&#8221;20px|20px|20px|20px&#8221; border_color_top=&#8221;#cccccc&#8221; border_color_right=&#8221;#cccccc&#8221; border_color_bottom=&#8221;#cccccc&#8221; border_color_left=&#8221;#cccccc&#8221;]<\/p>\n<p><span style=\"color: white; background: #999999; padding: 7px 10px; border-radius: 3px; font-size: 12px; margin-top: 10px !important;\">NOVO<\/span><\/p>\n<p style=\"text-align: center; color: #808080;\">3 kutije Afri\u010dke \u0160ljive za mesec dana kori\u0161\u0107enja.<\/p>\n<p style=\"text-align: center; font-size: 20px;\">CENA: <span style=\"color: red;\">29.70 \u20ac<\/span><\/p>\n<form style=\"height: 60px;\" action=\"https:\/\/www.paypal.com\/cgi-bin\/webscr\" method=\"post\" target=\"paypal\"><input name=\"business\" type=\"hidden\" value=\"ivan.miljanic@proton.rs\"><br \/>\n<input name=\"cmd\" type=\"hidden\" value=\"_cart\"><br \/>\n<input name=\"add\" type=\"hidden\" value=\"1\"><br \/>\n<input name=\"item_name\" type=\"hidden\" value=\"3x - Africka Sljiva\"><br \/>\n<input name=\"amount\" type=\"hidden\" value=\"29.70\"><br \/>\n<input name=\"currency_code\" type=\"hidden\" value=\"EUR\"><br \/>\n<input class=\"alignleft\" style=\"border: 0px; margin: 0px; margin-top: -120px;\" alt=\"PayPal - The safer, easier way to pay online\" name=\"submit\" src=\"\/wp-content\/uploads\/2017\/12\/btn_buynowCC_LG.gif\" type=\"image\"><br \/>\n<img loading=\"lazy\" decoding=\"async\" src=\"https:\/\/www.paypal.com\/en_US\/i\/scr\/pixel.gif\" alt=\"\" width=\"1\" height=\"1\" border=\"0\"><\/form>\n<p>[\/et_pb_blurb][\/et_pb_column][et_pb_column type=&#8221;1_4&#8243;][et_pb_blurb title=&#8221;GOLD &#8211; A\u0160&#8221; _builder_version=&#8221;3.5.1&#8243; header_font=&#8221;Dosis||||||||&#8221; header_text_align=&#8221;center&#8221; header_font_size=&#8221;28px&#8221; body_font=&#8221;|600|||||||&#8221; body_text_align=&#8221;center&#8221; border_radii=&#8221;on|2px|2px|2px|2px&#8221; border_width_all=&#8221;2px&#8221; border_color_all=&#8221;#ccc&#8221; custom_margin=&#8221;0px||0px|&#8221; custom_padding=&#8221;20px|20px|20px|20px&#8221; border_color_top=&#8221;#cccccc&#8221; border_color_right=&#8221;#cccccc&#8221; border_color_bottom=&#8221;#cccccc&#8221; border_color_left=&#8221;#cccccc&#8221;]<\/p>\n<p><span style=\"color: white; background: #f39c12; padding: 7px 10px; border-radius: 3px; font-size: 12px; margin-top: 10px !important;\">NOVO<\/span><\/p>\n<p style=\"text-align: center; color: #808080;\">6 kutija Afri\u010dke \u0160ljive za 2 meseca kori\u0161\u0107enja.<\/p>\n<p style=\"text-align: center; font-size: 20px;\">CENA: <span style=\"color: red;\">52.80 \u20ac<\/span><\/p>\n<form style=\"height: 60px;\" action=\"https:\/\/www.paypal.com\/cgi-bin\/webscr\" method=\"post\" target=\"paypal\"><input name=\"business\" type=\"hidden\" value=\"ivan.miljanic@proton.rs\"><br \/>\n<input name=\"cmd\" type=\"hidden\" value=\"_cart\"><br \/>\n<input name=\"add\" type=\"hidden\" value=\"1\"><br \/>\n<input name=\"item_name\" type=\"hidden\" value=\"6x - Africka Sljiva\"><br \/>\n<input name=\"amount\" type=\"hidden\" value=\"52.80\"><br \/>\n<input name=\"currency_code\" type=\"hidden\" value=\"EUR\"><br \/>\n<input class=\"alignleft\" style=\"border: 0px; margin: 0px; margin-top: -120px;\" alt=\"PayPal - The safer, easier way to pay online\" name=\"submit\" src=\"\/wp-content\/uploads\/2017\/12\/btn_buynowCC_LG.gif\" type=\"image\"><br \/>\n<img loading=\"lazy\" decoding=\"async\" src=\"https:\/\/www.paypal.com\/en_US\/i\/scr\/pixel.gif\" alt=\"\" width=\"1\" height=\"1\" border=\"0\"><\/form>\n<p>[\/et_pb_blurb][\/et_pb_column][\/et_pb_row][et_pb_row custom_padding=&#8221;6px|0px|0px|0px&#8221; _builder_version=&#8221;3.0.91&#8243;][et_pb_column type=&#8221;4_4&#8243;][et_pb_blurb title=&#8221;FORTE AFRI\u010cKA \u0160LJIVA&#8221; _builder_version=&#8221;3.0.91&#8243; header_level=&#8221;h2&#8243; header_font=&#8221;Dosis||||||||&#8221; header_text_align=&#8221;center&#8221; header_font_size=&#8221;36px&#8221; \/][\/et_pb_column][\/et_pb_row][et_pb_row custom_padding=&#8221;30px|0px|40px|0px&#8221; _builder_version=&#8221;3.0.91&#8243;][et_pb_column type=&#8221;1_4&#8243;][et_pb_blurb title=&#8221;BLUE&#8221; _builder_version=&#8221;3.5.1&#8243; header_font=&#8221;Dosis||||||||&#8221; header_text_align=&#8221;center&#8221; header_font_size=&#8221;28px&#8221; body_font=&#8221;|600|||||||&#8221; body_text_align=&#8221;center&#8221; border_radii=&#8221;on|2px|2px|2px|2px&#8221; border_width_all=&#8221;2px&#8221; border_color_all=&#8221;#ccc&#8221; custom_margin=&#8221;0px||0px|&#8221; custom_padding=&#8221;20px|20px|20px|20px&#8221;]<\/p>\n<p><span style=\"color: white; background: #9b59b6; padding: 7px 10px; border-radius: 3px; font-size: 12px; margin-top: 10px !important;\">STANDARD<\/span><\/p>\n<p style=\"text-align: center; color: #808080;\">1 kutija FORTE Afri\u010dke \u0160ljive za 10 dana kori\u0161\u0107enja.<\/p>\n<p style=\"text-align: center; font-size: 20px; margin-bottom: 10px;\">CENA: <span style=\"color: red;\">14 \u20ac<\/span><\/p>\n<form style=\"height: 60px;\" action=\"https:\/\/www.paypal.com\/cgi-bin\/webscr\" method=\"post\" target=\"paypal\"><input name=\"business\" type=\"hidden\" value=\"ivan.miljanic@proton.rs\" \/><br \/>\n<input name=\"cmd\" type=\"hidden\" value=\"_cart\" \/><br \/>\n<input name=\"add\" type=\"hidden\" value=\"1\" \/><br \/>\n<input name=\"item_name\" type=\"hidden\" value=\"1x - Africka Sljiva FORTE\" \/><br \/>\n<input name=\"amount\" type=\"hidden\" value=\"14\" \/><br \/>\n<input name=\"currency_code\" type=\"hidden\" value=\"EUR\" \/><br \/>\n<input class=\"alignleft\" style=\"border: 0px; margin: 0px; margin-top: -120px;\" alt=\"PayPal - The safer, easier way to pay online\" name=\"submit\" src=\"\/wp-content\/uploads\/2017\/12\/btn_buynowCC_LG.gif\" type=\"image\" \/><br \/>\n<img loading=\"lazy\" decoding=\"async\" src=\"https:\/\/www.paypal.com\/en_US\/i\/scr\/pixel.gif\" alt=\"\" width=\"1\" height=\"1\" border=\"0\" \/><\/form>\n<p>[\/et_pb_blurb][\/et_pb_column][et_pb_column type=&#8221;1_4&#8243;][et_pb_blurb title=&#8221;SILVER&#8221; _builder_version=&#8221;3.0.91&#8243; header_font=&#8221;Dosis||||||||&#8221; header_text_align=&#8221;center&#8221; header_font_size=&#8221;28px&#8221; body_font=&#8221;|600|||||||&#8221; body_text_align=&#8221;center&#8221; border_radii=&#8221;on|2px|2px|2px|2px&#8221; border_width_all=&#8221;2px&#8221; border_color_all=&#8221;#ccc&#8221; custom_margin=&#8221;0px||0px|&#8221; custom_padding=&#8221;20px|20px|20px|20px&#8221;]<\/p>\n<p><span style=\"color: white; background: #999999; padding: 7px 10px; border-radius: 3px; font-size: 12px; margin-top: 10px !important;\">PROMO<\/span><\/p>\n<p style=\"text-align: center; color: #808080;\">3 kutije FORTE Afri\u010dke \u0160ljive za mesec dana kori\u0161\u0107enja.<\/p>\n<p style=\"text-align: center; font-size: 20px; margin-bottom: 10px;\">CENA: <span style=\"color: red;\">37.80 \u20ac<\/span><\/p>\n<form style=\"height: 60px;\" action=\"https:\/\/www.paypal.com\/cgi-bin\/webscr\" method=\"post\" target=\"paypal\"><input name=\"business\" type=\"hidden\" value=\"ivan.miljanic@proton.rs\" \/><br \/>\n<input name=\"cmd\" type=\"hidden\" value=\"_cart\" \/><br \/>\n<input name=\"add\" type=\"hidden\" value=\"1\" \/><br \/>\n<input name=\"item_name\" type=\"hidden\" value=\"3x - Africka Sljiva FORTE\" \/><br \/>\n<input name=\"amount\" type=\"hidden\" value=\"37.80\" \/><br \/>\n<input name=\"currency_code\" type=\"hidden\" value=\"EUR\" \/><br \/>\n<input class=\"alignleft\" style=\"border: 0px; margin: 0px; margin-top: -120px;\" alt=\"PayPal - The safer, easier way to pay online\" name=\"submit\" src=\"\/wp-content\/uploads\/2017\/12\/btn_buynowCC_LG.gif\" type=\"image\" \/><br \/>\n<img loading=\"lazy\" decoding=\"async\" src=\"https:\/\/www.paypal.com\/en_US\/i\/scr\/pixel.gif\" alt=\"\" width=\"1\" height=\"1\" border=\"0\" \/><\/form>\n<p>[\/et_pb_blurb][\/et_pb_column][et_pb_column type=&#8221;1_4&#8243;][et_pb_blurb title=&#8221;GOLD&#8221; _builder_version=&#8221;3.0.91&#8243; header_font=&#8221;Dosis||||||||&#8221; header_text_align=&#8221;center&#8221; header_font_size=&#8221;28px&#8221; body_font=&#8221;|600|||||||&#8221; body_text_align=&#8221;center&#8221; border_radii=&#8221;on|2px|2px|2px|2px&#8221; border_width_all=&#8221;2px&#8221; border_color_all=&#8221;#ccc&#8221; custom_margin=&#8221;0px||0px|&#8221; custom_padding=&#8221;20px|20px|20px|20px&#8221;]<\/p>\n<p><span style=\"color: white; background: #f39c12; padding: 7px 10px; border-radius: 3px; font-size: 12px; margin-top: 10px !important;\">NOVO<\/span><\/p>\n<p style=\"text-align: center; color: #808080;\">6 kutija FORTE Afri\u010dke \u0160ljive za 2 meseca kori\u0161\u0107enja.<\/p>\n<p style=\"text-align: center; font-size: 20px; margin-bottom: 10px;\">CENA: <span style=\"color: red; margin-bottom: 10px;\">67.20 \u20ac<\/span><\/p>\n<form style=\"height: 60px;\" action=\"https:\/\/www.paypal.com\/cgi-bin\/webscr\" method=\"post\" target=\"paypal\"><input name=\"business\" type=\"hidden\" value=\"ivan.miljanic@proton.rs\" \/><br \/>\n<input name=\"cmd\" type=\"hidden\" value=\"_cart\" \/><br \/>\n<input name=\"add\" type=\"hidden\" value=\"1\" \/><br \/>\n<input name=\"item_name\" type=\"hidden\" value=\"6x - Africka Sljiva FORTE\" \/><br \/>\n<input name=\"amount\" type=\"hidden\" value=\"67.20\" \/><br \/>\n<input name=\"currency_code\" type=\"hidden\" value=\"EUR\" \/><br \/>\n<input class=\"alignleft\" style=\"border: 0px; margin: 0px; margin-top: -120px;\" alt=\"PayPal - The safer, easier way to pay online\" name=\"submit\" src=\"\/wp-content\/uploads\/2017\/12\/btn_buynowCC_LG.gif\" type=\"image\" \/><br \/>\n<img loading=\"lazy\" decoding=\"async\" src=\"https:\/\/www.paypal.com\/en_US\/i\/scr\/pixel.gif\" alt=\"\" width=\"1\" height=\"1\" border=\"0\" \/><\/form>\n<p>[\/et_pb_blurb][\/et_pb_column][et_pb_column type=&#8221;1_4&#8243;][et_pb_image src=&#8221;\/wp-content\/uploads\/2017\/12\/forte-africka-sljiva-levo.png&#8221; disabled_on=&#8221;on|off|off&#8221; _builder_version=&#8221;3.0.92&#8243; max_width_tablet=&#8221;78%&#8221; max_width_last_edited=&#8221;on|desktop&#8221; module_alignment=&#8221;center&#8221; custom_margin=&#8221;0px|0px|0px|0px&#8221; custom_padding=&#8221;0px|0px|0px|0px&#8221; \/][\/et_pb_column][\/et_pb_row][\/et_pb_section]<\/p>\n","protected":false},"excerpt":{"rendered":"<p>Poru\u010dite pakete i OSTVARITE POPUSTE STANDARD 1 kutija Afri\u010dke \u0160ljive za 10 dana kori\u0161\u0107enja. CENA: 11 \u20ac NOVO 3 kutije Afri\u010dke \u0160ljive za mesec dana kori\u0161\u0107enja. CENA: 29.70 \u20ac NOVO 6 kutija Afri\u010dke \u0160ljive za 2 meseca kori\u0161\u0107enja. CENA: 52.80 \u20ac STANDARD 1 kutija FORTE Afri\u010dke \u0160ljive za 10 dana kori\u0161\u0107enja. CENA: 14 \u20ac PROMO [&hellip;]<\/p>\n","protected":false},"author":9,"featured_media":0,"parent":0,"menu_order":0,"comment_status":"closed","ping_status":"closed","template":"","meta":{"_et_pb_use_builder":"on","_et_pb_old_content":"","_et_gb_content_width":"","footnotes":""},"class_list":["post-833","page","type-page","status-publish","hentry"],"yoast_head":"<!-- This site is optimized with the Yoast SEO plugin v27.4 - https:\/\/yoast.com\/product\/yoast-seo-wordpress\/ -->\n<title>Poru\u010divanje van Srbije - Afri\u010dka \u0160ljiva<\/title>\n<meta name=\"description\" content=\"Ukoliko \u017eelite da poru\u010dite Afri\u010dku \u0160ljivu a ne \u017eivite u Srbiji, posetite ovaj link. Afri\u010dka \u0160ljiva - Ne Pada!\" \/>\n<meta name=\"robots\" content=\"index, follow, max-snippet:-1, max-image-preview:large, max-video-preview:-1\" \/>\n<link rel=\"canonical\" href=\"https:\/\/africkasljiva.ba\/en\/porucivanje-van-srbije\/\" \/>\n<meta property=\"og:locale\" content=\"en_US\" \/>\n<meta property=\"og:type\" content=\"article\" \/>\n<meta property=\"og:title\" content=\"Poru\u010divanje van Srbije - Afri\u010dka \u0160ljiva\" \/>\n<meta property=\"og:description\" content=\"Ukoliko \u017eelite da poru\u010dite Afri\u010dku \u0160ljivu a ne \u017eivite u Srbiji, posetite ovaj link. Afri\u010dka \u0160ljiva - Ne Pada!\" \/>\n<meta property=\"og:url\" content=\"https:\/\/africkasljiva.ba\/en\/porucivanje-van-srbije\/\" \/>\n<meta property=\"og:site_name\" content=\"Afri\u010dka \u0160ljiva\" \/>\n<meta property=\"article:modified_time\" content=\"2018-06-13T12:16:26+00:00\" \/>\n<meta name=\"twitter:card\" content=\"summary_large_image\" \/>\n<meta name=\"twitter:image\" content=\"https:\/\/www.paypal.com\/en_US\/i\/scr\/pixel.gif\" \/>\n<meta name=\"twitter:label1\" content=\"Est. reading time\" \/>\n\t<meta name=\"twitter:data1\" content=\"4 minutes\" \/>\n<script type=\"application\/ld+json\" class=\"yoast-schema-graph\">{\"@context\":\"https:\\\/\\\/schema.org\",\"@graph\":[{\"@type\":\"WebPage\",\"@id\":\"https:\\\/\\\/africkasljiva.ba\\\/en\\\/porucivanje-van-srbije\\\/\",\"url\":\"https:\\\/\\\/africkasljiva.ba\\\/en\\\/porucivanje-van-srbije\\\/\",\"name\":\"Poru\u010divanje van Srbije - Afri\u010dka \u0160ljiva\",\"isPartOf\":{\"@id\":\"https:\\\/\\\/africkasljiva.ba\\\/#website\"},\"primaryImageOfPage\":{\"@id\":\"https:\\\/\\\/africkasljiva.ba\\\/en\\\/porucivanje-van-srbije\\\/#primaryimage\"},\"image\":{\"@id\":\"https:\\\/\\\/africkasljiva.ba\\\/en\\\/porucivanje-van-srbije\\\/#primaryimage\"},\"thumbnailUrl\":\"https:\\\/\\\/www.paypal.com\\\/en_US\\\/i\\\/scr\\\/pixel.gif\",\"datePublished\":\"2017-12-15T12:51:25+00:00\",\"dateModified\":\"2018-06-13T12:16:26+00:00\",\"description\":\"Ukoliko \u017eelite da poru\u010dite Afri\u010dku \u0160ljivu a ne \u017eivite u Srbiji, posetite ovaj link. Afri\u010dka \u0160ljiva - Ne Pada!\",\"breadcrumb\":{\"@id\":\"https:\\\/\\\/africkasljiva.ba\\\/en\\\/porucivanje-van-srbije\\\/#breadcrumb\"},\"inLanguage\":\"en-US\",\"potentialAction\":[{\"@type\":\"ReadAction\",\"target\":[\"https:\\\/\\\/africkasljiva.ba\\\/en\\\/porucivanje-van-srbije\\\/\"]}]},{\"@type\":\"ImageObject\",\"inLanguage\":\"en-US\",\"@id\":\"https:\\\/\\\/africkasljiva.ba\\\/en\\\/porucivanje-van-srbije\\\/#primaryimage\",\"url\":\"https:\\\/\\\/www.paypal.com\\\/en_US\\\/i\\\/scr\\\/pixel.gif\",\"contentUrl\":\"https:\\\/\\\/www.paypal.com\\\/en_US\\\/i\\\/scr\\\/pixel.gif\"},{\"@type\":\"BreadcrumbList\",\"@id\":\"https:\\\/\\\/africkasljiva.ba\\\/en\\\/porucivanje-van-srbije\\\/#breadcrumb\",\"itemListElement\":[{\"@type\":\"ListItem\",\"position\":1,\"name\":\"Home\",\"item\":\"https:\\\/\\\/africkasljiva.ba\\\/en\\\/\"},{\"@type\":\"ListItem\",\"position\":2,\"name\":\"Poru\u010divanje van Srbije\"}]},{\"@type\":\"WebSite\",\"@id\":\"https:\\\/\\\/africkasljiva.ba\\\/#website\",\"url\":\"https:\\\/\\\/africkasljiva.ba\\\/\",\"name\":\"Afri\u010dka \u0160ljiva\",\"description\":\"Prirodni preparat za potenciju - ne pada!\",\"potentialAction\":[{\"@type\":\"SearchAction\",\"target\":{\"@type\":\"EntryPoint\",\"urlTemplate\":\"https:\\\/\\\/africkasljiva.ba\\\/?s={search_term_string}\"},\"query-input\":{\"@type\":\"PropertyValueSpecification\",\"valueRequired\":true,\"valueName\":\"search_term_string\"}}],\"inLanguage\":\"en-US\"}]}<\/script>\n<!-- \/ Yoast SEO plugin. -->","yoast_head_json":{"title":"Poru\u010divanje van Srbije - Afri\u010dka \u0160ljiva","description":"Ukoliko \u017eelite da poru\u010dite Afri\u010dku \u0160ljivu a ne \u017eivite u Srbiji, posetite ovaj link. Afri\u010dka \u0160ljiva - Ne Pada!","robots":{"index":"index","follow":"follow","max-snippet":"max-snippet:-1","max-image-preview":"max-image-preview:large","max-video-preview":"max-video-preview:-1"},"canonical":"https:\/\/africkasljiva.ba\/en\/porucivanje-van-srbije\/","og_locale":"en_US","og_type":"article","og_title":"Poru\u010divanje van Srbije - Afri\u010dka \u0160ljiva","og_description":"Ukoliko \u017eelite da poru\u010dite Afri\u010dku \u0160ljivu a ne \u017eivite u Srbiji, posetite ovaj link. Afri\u010dka \u0160ljiva - Ne Pada!","og_url":"https:\/\/africkasljiva.ba\/en\/porucivanje-van-srbije\/","og_site_name":"Afri\u010dka \u0160ljiva","article_modified_time":"2018-06-13T12:16:26+00:00","twitter_card":"summary_large_image","twitter_image":"https:\/\/www.paypal.com\/en_US\/i\/scr\/pixel.gif","twitter_misc":{"Est. reading time":"4 minutes"},"schema":{"@context":"https:\/\/schema.org","@graph":[{"@type":"WebPage","@id":"https:\/\/africkasljiva.ba\/en\/porucivanje-van-srbije\/","url":"https:\/\/africkasljiva.ba\/en\/porucivanje-van-srbije\/","name":"Poru\u010divanje van Srbije - Afri\u010dka \u0160ljiva","isPartOf":{"@id":"https:\/\/africkasljiva.ba\/#website"},"primaryImageOfPage":{"@id":"https:\/\/africkasljiva.ba\/en\/porucivanje-van-srbije\/#primaryimage"},"image":{"@id":"https:\/\/africkasljiva.ba\/en\/porucivanje-van-srbije\/#primaryimage"},"thumbnailUrl":"https:\/\/www.paypal.com\/en_US\/i\/scr\/pixel.gif","datePublished":"2017-12-15T12:51:25+00:00","dateModified":"2018-06-13T12:16:26+00:00","description":"Ukoliko \u017eelite da poru\u010dite Afri\u010dku \u0160ljivu a ne \u017eivite u Srbiji, posetite ovaj link. Afri\u010dka \u0160ljiva - Ne Pada!","breadcrumb":{"@id":"https:\/\/africkasljiva.ba\/en\/porucivanje-van-srbije\/#breadcrumb"},"inLanguage":"en-US","potentialAction":[{"@type":"ReadAction","target":["https:\/\/africkasljiva.ba\/en\/porucivanje-van-srbije\/"]}]},{"@type":"ImageObject","inLanguage":"en-US","@id":"https:\/\/africkasljiva.ba\/en\/porucivanje-van-srbije\/#primaryimage","url":"https:\/\/www.paypal.com\/en_US\/i\/scr\/pixel.gif","contentUrl":"https:\/\/www.paypal.com\/en_US\/i\/scr\/pixel.gif"},{"@type":"BreadcrumbList","@id":"https:\/\/africkasljiva.ba\/en\/porucivanje-van-srbije\/#breadcrumb","itemListElement":[{"@type":"ListItem","position":1,"name":"Home","item":"https:\/\/africkasljiva.ba\/en\/"},{"@type":"ListItem","position":2,"name":"Poru\u010divanje van Srbije"}]},{"@type":"WebSite","@id":"https:\/\/africkasljiva.ba\/#website","url":"https:\/\/africkasljiva.ba\/","name":"Afri\u010dka \u0160ljiva","description":"Prirodni preparat za potenciju - ne pada!","potentialAction":[{"@type":"SearchAction","target":{"@type":"EntryPoint","urlTemplate":"https:\/\/africkasljiva.ba\/?s={search_term_string}"},"query-input":{"@type":"PropertyValueSpecification","valueRequired":true,"valueName":"search_term_string"}}],"inLanguage":"en-US"}]}},"_links":{"self":[{"href":"https:\/\/africkasljiva.ba\/en\/wp-json\/wp\/v2\/pages\/833","targetHints":{"allow":["GET"]}}],"collection":[{"href":"https:\/\/africkasljiva.ba\/en\/wp-json\/wp\/v2\/pages"}],"about":[{"href":"https:\/\/africkasljiva.ba\/en\/wp-json\/wp\/v2\/types\/page"}],"author":[{"embeddable":true,"href":"https:\/\/africkasljiva.ba\/en\/wp-json\/wp\/v2\/users\/9"}],"replies":[{"embeddable":true,"href":"https:\/\/africkasljiva.ba\/en\/wp-json\/wp\/v2\/comments?post=833"}],"version-history":[{"count":3,"href":"https:\/\/africkasljiva.ba\/en\/wp-json\/wp\/v2\/pages\/833\/revisions"}],"predecessor-version":[{"id":1765,"href":"https:\/\/africkasljiva.ba\/en\/wp-json\/wp\/v2\/pages\/833\/revisions\/1765"}],"wp:attachment":[{"href":"https:\/\/africkasljiva.ba\/en\/wp-json\/wp\/v2\/media?parent=833"}],"curies":[{"name":"wp","href":"https:\/\/api.w.org\/{rel}","templated":true}]}}