{"id":931,"date":"2017-12-06T14:11:58","date_gmt":"2017-12-06T14:11:58","guid":{"rendered":"https:\/\/africkasljiva.com\/potency\/"},"modified":"2018-02-22T07:56:36","modified_gmt":"2018-02-22T07:56:36","slug":"potencia","status":"publish","type":"page","link":"https:\/\/africkasljiva.ba\/es\/potencia\/","title":{"rendered":"Potencia"},"content":{"rendered":"<p>[et_pb_section fb_built=\u00bb1&#8243; _builder_version=\u00bb3.0.92&#8243; background_image=\u00bbhttp:\/\/africkasljiva.com\/wp-content\/uploads\/2017\/12\/africka-sljiva-1.jpg\u00bb custom_padding=\u00bb0px|0px|0px|0px\u00bb][et_pb_row custom_padding=\u00bb50px|0px|50px|0px\u00bb _builder_version=\u00bb3.0.90&#8243;][et_pb_column type=\u00bb1_3&#8243; _builder_version=\u00bb3.0.47&#8243; parallax=\u00bboff\u00bb parallax_method=\u00bbon\u00bb][et_pb_blurb title=\u00bbAYUDA A LOGRAR Y MANTENER LA ERECCI\u00d3N\u00bb _builder_version=\u00bb3.0.92&#8243; header_font=\u00bbDosis||||||||\u00bb header_font_size=\u00bb31px\u00bb header_text_color=\u00bb#ffffff\u00bb body_font=\u00bbDosis||||||||\u00bb body_font_size=\u00bb18px\u00bb body_text_color=\u00bb#cccccc\u00bb]El Ciruelo Africano puede ayudar a los hombres para alcanzar y mantener la erecci\u00f3n, as\u00ed como mejorar la potencia. Esto puede ser debido a la presencia de ingredientes activos, tales como terpenos, n-docosanol y beta-sitosterol en el extracto de la corteza del Ciruelo Africano[\/et_pb_blurb][\/et_pb_column][et_pb_column type=\u00bb1_3&#8243; _builder_version=\u00bb3.0.47&#8243; parallax=\u00bboff\u00bb parallax_method=\u00bbon\u00bb][et_pb_blurb title=\u00bbALIVIA LA DISFUNCI\u00d3N ER\u00c9CTIL\u00bb _builder_version=\u00bb3.0.92&#8243; header_font=\u00bbDosis||||||||\u00bb header_font_size=\u00bb31px\u00bb header_text_color=\u00bb#ffffff\u00bb body_font=\u00bbDosis||||||||\u00bb body_font_size=\u00bb18px\u00bb body_text_color=\u00bb#cccccc\u00bb]El extracto de del Ciruelo Africano ayuda a reducir el agrandamiento de la pr\u00f3stata y por lo tanto alivia un n\u00famero de problemas con la orina (micci\u00f3n dolorosa, vaciado incompleto de la vejiga, el vaciado, el vaciado gota a gota, as\u00ed como el flujo de orina d\u00e9bil e intermitente). Estos problemas representan un serio obst\u00e1culo para el goce sexual, por lo que cualquier sustancia que proporcione un alivio de las dolencias act\u00faa indirectamente como un afrodis\u00edaco.[\/et_pb_blurb][\/et_pb_column][et_pb_column type=\u00bb1_3&#8243; _builder_version=\u00bb3.0.47&#8243; parallax=\u00bboff\u00bb parallax_method=\u00bbon\u00bb][\/et_pb_column][\/et_pb_row][\/et_pb_section][et_pb_section fb_built=\u00bb1&#8243; _builder_version=\u00bb3.0.90&#8243; custom_padding=\u00bb0px|0px|54px|0px\u00bb][et_pb_row custom_padding=\u00bb41px|0px|27px|0px\u00bb custom_margin=\u00bb|||\u00bb _builder_version=\u00bb3.0.90&#8243; module_alignment=\u00bbcenter\u00bb][et_pb_column type=\u00bb1_2&#8243; _builder_version=\u00bb3.0.47&#8243; parallax=\u00bboff\u00bb parallax_method=\u00bbon\u00bb][et_pb_blurb title=\u00bbEl CIRUELO AFRICANO Y LA POTENCIA\u00bb _builder_version=\u00bb3.0.92&#8243; header_font=\u00bbDosis||||||||\u00bb header_font_size=\u00bb38px\u00bb header_text_color=\u00bb#202c55&#8243; body_font=\u00bbDosis||||||||\u00bb body_font_size=\u00bb18px\u00bb custom_margin=\u00bb0px||0px|\u00bb custom_padding=\u00bb|||\u00bb][\/et_pb_blurb][et_pb_blurb _builder_version=\u00bb3.0.92&#8243; body_font=\u00bbDosis||||||||\u00bb body_font_size=\u00bb18px\u00bb custom_margin=\u00bb0px||0px|\u00bb custom_padding=\u00bb0px||0px|\u00bb]<\/p>\n<div class=\"wpb_text_column wpb_content_element \">\n<div class=\"wpb_wrapper\">\n<p>Desde el comienzo de la civilizaci\u00f3n humana hasta la fecha, existen ciertas sustancias que se conocen para aumentar el deseo sexual y mejorar la calidad de la experiencia sexual. Durante siglos, el Ciruelo Africano fue utilizada como afrodis\u00edaco en las tribus de Sud\u00e1frica. No fue sino hasta la llegada del colonialismo y el descubrimiento de plantas medicinales tradicionales que el Ciruelo Africano comenz\u00f3 a ser usada en Europa.<\/p>\n<\/div>\n<\/div>\n<div class=\"vc_empty_space\"><span class=\"vc_empty_space_inner\"><\/span><\/div>\n<div class=\"wpb_text_column wpb_content_element \">\n<div class=\"wpb_wrapper\">\n<p>La aplicaci\u00f3n m\u00e1s importante del Ciruelo Africano para los hombres es para tratar la hiperplasia prost\u00e1tica benigna (agrandamiento de la pr\u00f3stata). Un agrandamiento de la pr\u00f3stata, impide orinar a los hombres y causa otros s\u00edntomas desagradables (tambi\u00e9n afecta a la potencia). En la medicina convencional, el agrandamiento de la pr\u00f3stata es tratado mediante cirug\u00eda o medicamentos. En el primer caso, parte del agrandamiento de la pr\u00f3stata se elimina y por lo tanto se restablece el flujo normal de orina. Sin embargo, esto tambi\u00e9n implica la eliminaci\u00f3n de ciertos nervios que pasan a trav\u00e9s de la pr\u00f3stata, y juegan un papel en la estimulaci\u00f3n sexual. Los medicamentos utilizados para reducir el agrandamiento de la pr\u00f3stata pueden en ciertos casos, tener efectos indeseables, como la disfunci\u00f3n er\u00e9ctil o sexual.<\/p>\n<\/div>\n<\/div>\n<div class=\"vc_empty_space\"><span class=\"vc_empty_space_inner\"><\/span><\/div>\n<div class=\"wpb_text_column wpb_content_element \">\n<div class=\"wpb_wrapper\">\n<p>Por otro lado, los suplementos de hierbas tales como el Ciruelo Africano llegan a ser muy \u00fatiles en la reducci\u00f3n de la incomodidad que acompa\u00f1a al agrandamiento de la pr\u00f3stata, pero sin los efectos no deseados en la libido masculina.<\/p>\n<\/div>\n<\/div>\n<p>[\/et_pb_blurb][\/et_pb_column][et_pb_column type=\u00bb1_2&#8243; _builder_version=\u00bb3.0.47&#8243; parallax=\u00bboff\u00bb parallax_method=\u00bbon\u00bb][et_pb_image src=\u00bb\/wp-content\/uploads\/2018\/02\/CirueloAfricano-libere-su-hombria.png\u00bb align=\u00bbcenter\u00bb _builder_version=\u00bb3.0.105&#8243; animation_style=\u00bbslide\u00bb animation_direction=\u00bbright\u00bb][\/et_pb_image][et_pb_blurb title=\u00bbSi tiene preguntas adicionales, si\u00e9ntase libre de contactarnos todos los d\u00edas laborales de 09:00h \u2013 18:00h CET.\u00bb _builder_version=\u00bb3.0.92&#8243; header_font=\u00bbDosis||||||||\u00bb header_font_size=\u00bb21px\u00bb body_font=\u00bb||||||||\u00bb body_font_size=\u00bb40px\u00bb body_text_color=\u00bb#202c55&#8243; custom_margin=\u00bb0px||0px|\u00bb][\/et_pb_blurb][et_pb_blurb title=\u00bb+381 11 207 08 07&#8243; url=\u00bbtel:+381112070807&#8243; url_new_window=\u00bbon\u00bb _builder_version=\u00bb3.0.91&#8243; header_font=\u00bbDosis||||||||\u00bb header_font_size=\u00bb47px\u00bb header_font_size_phone=\u00bb32px\u00bb header_font_size_last_edited=\u00bbon|phone\u00bb header_text_color=\u00bb#202c55&#8243; body_font=\u00bb||||||||\u00bb body_font_size=\u00bb40px\u00bb body_text_color=\u00bb#202c55&#8243; custom_margin=\u00bb0px||0px|\u00bb custom_padding=\u00bb0px||0px|\u00bb][\/et_pb_blurb][\/et_pb_column][\/et_pb_row][et_pb_row _builder_version=\u00bb3.0.90&#8243;][et_pb_column type=\u00bb4_4&#8243; _builder_version=\u00bb3.0.47&#8243; parallax=\u00bboff\u00bb parallax_method=\u00bbon\u00bb][et_pb_blurb title=\u00bb\u00bfEl agrandamiento de la pr\u00f3stata causa la impotencia?\u00bb content_max_width=\u00bb871px\u00bb _builder_version=\u00bb3.0.92&#8243; header_font=\u00bbDosis||||||||\u00bb header_text_align=\u00bbcenter\u00bb header_font_size=\u00bb38px\u00bb header_text_color=\u00bb#1caf5c\u00bb body_font=\u00bbDosis||||||||\u00bb body_text_align=\u00bbcenter\u00bb body_font_size=\u00bb20px\u00bb border_radii=\u00bbon|3px|3px|3px|3px\u00bb border_width_all=\u00bb3px\u00bb border_color_all=\u00bb#023398&#8243; border_style_all=\u00bbdashed\u00bb custom_margin=\u00bb|||\u00bb custom_padding=\u00bb40px|30px|40px|30px\u00bb animation_style=\u00bbflip\u00bb animation_duration=\u00bb800ms\u00bb custom_css_main_element=\u00bbborder-radius: 30px;\u00bb]<\/p>\n<p><span>Un estudio realizado en Estados Unidos y seis pa\u00edses europeos con aproximadamente 14.000 hombres, de entre 50 y 80 a\u00f1os, demostr\u00f3 una fuerte relaci\u00f3n entre la hiperplasia benigna de pr\u00f3stata y problemas urinarios o disfunci\u00f3n er\u00e9ctil. El 50% de todos los sujetos report\u00f3 dificultades de funci\u00f3n sexual, y el 10% la impotencia completa.<\/span><\/p>\n<p>[\/et_pb_blurb][\/et_pb_column][\/et_pb_row][\/et_pb_section]<\/p>\n","protected":false},"excerpt":{"rendered":"<p>El Ciruelo Africano puede ayudar a los hombres para alcanzar y mantener la erecci\u00f3n, as\u00ed como mejorar la potencia. Esto puede ser debido a la presencia de ingredientes activos, tales como terpenos, n-docosanol y beta-sitosterol en el extracto de la corteza del Ciruelo AfricanoEl extracto de del Ciruelo Africano ayuda a reducir el agrandamiento de [&hellip;]<\/p>\n","protected":false},"author":9,"featured_media":0,"parent":0,"menu_order":0,"comment_status":"closed","ping_status":"closed","template":"","meta":{"_et_pb_use_builder":"on","_et_pb_old_content":"","_et_gb_content_width":"","footnotes":""},"class_list":["post-931","page","type-page","status-publish","hentry"],"yoast_head":"<!-- This site is optimized with the Yoast SEO plugin v27.4 - https:\/\/yoast.com\/product\/yoast-seo-wordpress\/ -->\n<title>Potencia - Afri\u010dka \u0160ljiva<\/title>\n<meta name=\"robots\" content=\"index, follow, max-snippet:-1, max-image-preview:large, max-video-preview:-1\" \/>\n<link rel=\"canonical\" href=\"https:\/\/africkasljiva.ba\/es\/potencia\/\" \/>\n<meta property=\"og:locale\" content=\"es_ES\" \/>\n<meta property=\"og:type\" content=\"article\" \/>\n<meta property=\"og:title\" content=\"Afri\u010dka \u0160ljiva - Za potentnost muskarca - 100% potencija\" \/>\n<meta property=\"og:description\" content=\"Afri\u010dka \u0161ljiva doprinosi postizanju i odr\u017eavanju erekcije kod mu\u0161karaca, i poma\u017ee da se pobolj\u0161a potencija. Dostupno online.100% prirodno!\" \/>\n<meta property=\"og:url\" content=\"https:\/\/africkasljiva.ba\/es\/potencia\/\" \/>\n<meta property=\"og:site_name\" content=\"Afri\u010dka \u0160ljiva\" \/>\n<meta property=\"article:modified_time\" content=\"2018-02-22T07:56:36+00:00\" \/>\n<meta name=\"twitter:card\" content=\"summary_large_image\" \/>\n<meta name=\"twitter:label1\" content=\"Tiempo de lectura\" \/>\n\t<meta name=\"twitter:data1\" content=\"5 minutos\" \/>\n<script type=\"application\/ld+json\" class=\"yoast-schema-graph\">{\"@context\":\"https:\\\/\\\/schema.org\",\"@graph\":[{\"@type\":\"WebPage\",\"@id\":\"https:\\\/\\\/africkasljiva.ba\\\/es\\\/potencia\\\/\",\"url\":\"https:\\\/\\\/africkasljiva.ba\\\/es\\\/potencia\\\/\",\"name\":\"Potencia - Afri\u010dka \u0160ljiva\",\"isPartOf\":{\"@id\":\"https:\\\/\\\/africkasljiva.ba\\\/#website\"},\"datePublished\":\"2017-12-06T14:11:58+00:00\",\"dateModified\":\"2018-02-22T07:56:36+00:00\",\"breadcrumb\":{\"@id\":\"https:\\\/\\\/africkasljiva.ba\\\/es\\\/potencia\\\/#breadcrumb\"},\"inLanguage\":\"es\",\"potentialAction\":[{\"@type\":\"ReadAction\",\"target\":[\"https:\\\/\\\/africkasljiva.ba\\\/es\\\/potencia\\\/\"]}]},{\"@type\":\"BreadcrumbList\",\"@id\":\"https:\\\/\\\/africkasljiva.ba\\\/es\\\/potencia\\\/#breadcrumb\",\"itemListElement\":[{\"@type\":\"ListItem\",\"position\":1,\"name\":\"Home\",\"item\":\"https:\\\/\\\/africkasljiva.ba\\\/es\\\/\"},{\"@type\":\"ListItem\",\"position\":2,\"name\":\"Potencia\"}]},{\"@type\":\"WebSite\",\"@id\":\"https:\\\/\\\/africkasljiva.ba\\\/#website\",\"url\":\"https:\\\/\\\/africkasljiva.ba\\\/\",\"name\":\"Afri\u010dka \u0160ljiva\",\"description\":\"Prirodni preparat za potenciju - ne pada!\",\"potentialAction\":[{\"@type\":\"SearchAction\",\"target\":{\"@type\":\"EntryPoint\",\"urlTemplate\":\"https:\\\/\\\/africkasljiva.ba\\\/?s={search_term_string}\"},\"query-input\":{\"@type\":\"PropertyValueSpecification\",\"valueRequired\":true,\"valueName\":\"search_term_string\"}}],\"inLanguage\":\"es\"}]}<\/script>\n<!-- \/ Yoast SEO plugin. -->","yoast_head_json":{"title":"Potencia - Afri\u010dka \u0160ljiva","robots":{"index":"index","follow":"follow","max-snippet":"max-snippet:-1","max-image-preview":"max-image-preview:large","max-video-preview":"max-video-preview:-1"},"canonical":"https:\/\/africkasljiva.ba\/es\/potencia\/","og_locale":"es_ES","og_type":"article","og_title":"Afri\u010dka \u0160ljiva - Za potentnost muskarca - 100% potencija","og_description":"Afri\u010dka \u0161ljiva doprinosi postizanju i odr\u017eavanju erekcije kod mu\u0161karaca, i poma\u017ee da se pobolj\u0161a potencija. Dostupno online.100% prirodno!","og_url":"https:\/\/africkasljiva.ba\/es\/potencia\/","og_site_name":"Afri\u010dka \u0160ljiva","article_modified_time":"2018-02-22T07:56:36+00:00","twitter_card":"summary_large_image","twitter_misc":{"Tiempo de lectura":"5 minutos"},"schema":{"@context":"https:\/\/schema.org","@graph":[{"@type":"WebPage","@id":"https:\/\/africkasljiva.ba\/es\/potencia\/","url":"https:\/\/africkasljiva.ba\/es\/potencia\/","name":"Potencia - Afri\u010dka \u0160ljiva","isPartOf":{"@id":"https:\/\/africkasljiva.ba\/#website"},"datePublished":"2017-12-06T14:11:58+00:00","dateModified":"2018-02-22T07:56:36+00:00","breadcrumb":{"@id":"https:\/\/africkasljiva.ba\/es\/potencia\/#breadcrumb"},"inLanguage":"es","potentialAction":[{"@type":"ReadAction","target":["https:\/\/africkasljiva.ba\/es\/potencia\/"]}]},{"@type":"BreadcrumbList","@id":"https:\/\/africkasljiva.ba\/es\/potencia\/#breadcrumb","itemListElement":[{"@type":"ListItem","position":1,"name":"Home","item":"https:\/\/africkasljiva.ba\/es\/"},{"@type":"ListItem","position":2,"name":"Potencia"}]},{"@type":"WebSite","@id":"https:\/\/africkasljiva.ba\/#website","url":"https:\/\/africkasljiva.ba\/","name":"Afri\u010dka \u0160ljiva","description":"Prirodni preparat za potenciju - ne pada!","potentialAction":[{"@type":"SearchAction","target":{"@type":"EntryPoint","urlTemplate":"https:\/\/africkasljiva.ba\/?s={search_term_string}"},"query-input":{"@type":"PropertyValueSpecification","valueRequired":true,"valueName":"search_term_string"}}],"inLanguage":"es"}]}},"_links":{"self":[{"href":"https:\/\/africkasljiva.ba\/es\/wp-json\/wp\/v2\/pages\/931","targetHints":{"allow":["GET"]}}],"collection":[{"href":"https:\/\/africkasljiva.ba\/es\/wp-json\/wp\/v2\/pages"}],"about":[{"href":"https:\/\/africkasljiva.ba\/es\/wp-json\/wp\/v2\/types\/page"}],"author":[{"embeddable":true,"href":"https:\/\/africkasljiva.ba\/es\/wp-json\/wp\/v2\/users\/9"}],"replies":[{"embeddable":true,"href":"https:\/\/africkasljiva.ba\/es\/wp-json\/wp\/v2\/comments?post=931"}],"version-history":[{"count":9,"href":"https:\/\/africkasljiva.ba\/es\/wp-json\/wp\/v2\/pages\/931\/revisions"}],"predecessor-version":[{"id":1024,"href":"https:\/\/africkasljiva.ba\/es\/wp-json\/wp\/v2\/pages\/931\/revisions\/1024"}],"wp:attachment":[{"href":"https:\/\/africkasljiva.ba\/es\/wp-json\/wp\/v2\/media?parent=931"}],"curies":[{"name":"wp","href":"https:\/\/api.w.org\/{rel}","templated":true}]}}