{"id":938,"date":"2017-12-26T08:25:54","date_gmt":"2017-12-26T08:25:54","guid":{"rendered":"https:\/\/africkasljiva.com\/why-to-use-forte\/"},"modified":"2018-02-22T08:10:26","modified_gmt":"2018-02-22T08:10:26","slug":"por-que-usar","status":"publish","type":"page","link":"https:\/\/africkasljiva.ba\/es\/por-que-usar\/","title":{"rendered":"\u00bfPor qu\u00e9 usar?"},"content":{"rendered":"<p>[et_pb_section fb_built=\u00bb1&#8243; _builder_version=\u00bb3.0.47&#8243; custom_margin=\u00bb0px||0px|\u00bb custom_padding=\u00bb0px|0px|0px|0px\u00bb][et_pb_row make_fullwidth=\u00bbon\u00bb use_custom_gutter=\u00bbon\u00bb gutter_width=\u00bb1&#8243; custom_padding=\u00bb50px||65px|\u00bb custom_margin=\u00bb0px||0px|\u00bb _builder_version=\u00bb3.0.105&#8243; background_image=\u00bbhttps:\/\/africkasljiva.com\/wp-content\/uploads\/2018\/02\/Kome-je-potreban-ES.png\u00bb][et_pb_column type=\u00bb1_2&#8243; _builder_version=\u00bb3.0.92&#8243; parallax=\u00bboff\u00bb parallax_method=\u00bbon\u00bb][et_pb_blurb title=\u00bbSI \u00bb _builder_version=\u00bb3.0.92&#8243; header_level=\u00bbh1&#8243; header_font=\u00bbDosis|600|||||||\u00bb header_text_align=\u00bbcenter\u00bb header_font_size=\u00bb59px\u00bb header_text_color=\u00bb#202c55&#8243; header_text_shadow_style=\u00bbpreset1&#8243; text_orientation=\u00bbcenter\u00bb custom_margin=\u00bb50px|||\u00bb][\/et_pb_blurb][et_pb_blurb title=\u00bbEXPERIMENTA \u00bb _builder_version=\u00bb3.0.92&#8243; header_level=\u00bbh1&#8243; header_font=\u00bbDosis|600|||||||\u00bb header_text_align=\u00bbcenter\u00bb header_font_size=\u00bb59px\u00bb header_text_color=\u00bb#202c55&#8243; header_text_shadow_style=\u00bbpreset1&#8243; text_orientation=\u00bbcenter\u00bb custom_margin=\u00bb|||\u00bb][\/et_pb_blurb][et_pb_blurb title=\u00bbLOS SIGUIENTES \u00bb _builder_version=\u00bb3.0.92&#8243; header_level=\u00bbh1&#8243; header_font=\u00bbDosis|600|||||||\u00bb header_text_align=\u00bbcenter\u00bb header_font_size=\u00bb59px\u00bb header_text_color=\u00bb#202c55&#8243; header_text_shadow_style=\u00bbpreset1&#8243; text_orientation=\u00bbcenter\u00bb custom_margin=\u00bb|||\u00bb][\/et_pb_blurb][et_pb_blurb title=\u00bbS\u00cdNOTMAS\u00bb _builder_version=\u00bb3.0.92&#8243; header_level=\u00bbh1&#8243; header_font=\u00bbDosis|600|||||||\u00bb header_text_align=\u00bbcenter\u00bb header_font_size=\u00bb59px\u00bb header_text_color=\u00bb#202c55&#8243; header_text_shadow_style=\u00bbpreset1&#8243; text_orientation=\u00bbcenter\u00bb custom_margin=\u00bb|||\u00bb][\/et_pb_blurb][\/et_pb_column][et_pb_column type=\u00bb1_2&#8243; _builder_version=\u00bb3.0.92&#8243; parallax=\u00bboff\u00bb parallax_method=\u00bbon\u00bb][\/et_pb_column][\/et_pb_row][et_pb_row make_fullwidth=\u00bbon\u00bb use_custom_gutter=\u00bbon\u00bb gutter_width=\u00bb1&#8243; custom_padding=\u00bb0px|0px|0px|0px\u00bb custom_margin=\u00bb0px||0px|\u00bb _builder_version=\u00bb3.0.92&#8243;][et_pb_column type=\u00bb1_4&#8243; _builder_version=\u00bb3.0.92&#8243; parallax=\u00bboff\u00bb parallax_method=\u00bbon\u00bb][et_pb_blurb title=\u00bbPROBLEMAS PARA\u00bb _builder_version=\u00bb3.0.92&#8243; header_level=\u00bbh3&#8243; header_font=\u00bbDosis||||||||\u00bb header_text_align=\u00bbcenter\u00bb header_font_size=\u00bb28px\u00bb header_text_color=\u00bb#ffffff\u00bb body_font=\u00bbDosis||||||||\u00bb body_text_align=\u00bbcenter\u00bb body_font_size=\u00bb28px\u00bb body_text_color=\u00bb#ffffff\u00bb background_color=\u00bb#1f3d7b\u00bb custom_margin=\u00bb0px||0px|\u00bb custom_padding=\u00bb50px||50px|\u00bb]LOGRAR UNA ERECCI\u00d3N[\/et_pb_blurb][\/et_pb_column][et_pb_column type=\u00bb1_4&#8243; _builder_version=\u00bb3.0.92&#8243; parallax=\u00bboff\u00bb parallax_method=\u00bbon\u00bb][et_pb_blurb title=\u00bbPROBLEMAS PARA\u00bb _builder_version=\u00bb3.0.92&#8243; header_level=\u00bbh3&#8243; header_font=\u00bbDosis||||||||\u00bb header_text_align=\u00bbcenter\u00bb header_font_size=\u00bb28px\u00bb header_text_color=\u00bb#ffffff\u00bb body_font=\u00bbDosis||||||||\u00bb body_text_align=\u00bbcenter\u00bb body_font_size=\u00bb28px\u00bb body_text_color=\u00bb#ffffff\u00bb background_color=\u00bb#0db14b\u00bb custom_margin=\u00bb0px||0px|\u00bb custom_padding=\u00bb50px||50px|\u00bb]<\/p>\n<p>MANTENER UNA ERECCI\u00d3N<\/p>\n<p>[\/et_pb_blurb][\/et_pb_column][et_pb_column type=\u00bb1_4&#8243; _builder_version=\u00bb3.0.92&#8243; parallax=\u00bboff\u00bb parallax_method=\u00bbon\u00bb][et_pb_blurb title=\u00bbLIBIDO\u00bb _builder_version=\u00bb3.0.92&#8243; header_level=\u00bbh3&#8243; header_font=\u00bbDosis||||||||\u00bb header_text_align=\u00bbcenter\u00bb header_font_size=\u00bb28px\u00bb header_text_color=\u00bb#ffffff\u00bb body_font=\u00bbDosis||||||||\u00bb body_text_align=\u00bbcenter\u00bb body_font_size=\u00bb28px\u00bb body_text_color=\u00bb#ffffff\u00bb background_color=\u00bb#1f3d7b\u00bb custom_margin=\u00bb0px||0px|\u00bb custom_padding=\u00bb50px||50px|\u00bb]<\/p>\n<p>BAJO<\/p>\n<p>[\/et_pb_blurb][\/et_pb_column][et_pb_column type=\u00bb1_4&#8243; _builder_version=\u00bb3.0.92&#8243; parallax=\u00bboff\u00bb parallax_method=\u00bbon\u00bb][et_pb_blurb title=\u00bbPROBLEMAS\u00bb _builder_version=\u00bb3.0.92&#8243; header_level=\u00bbh3&#8243; header_font=\u00bbDosis||||||||\u00bb header_text_align=\u00bbcenter\u00bb header_font_size=\u00bb28px\u00bb header_text_color=\u00bb#ffffff\u00bb body_font=\u00bbDosis||||||||\u00bb body_text_align=\u00bbcenter\u00bb body_font_size=\u00bb28px\u00bb body_text_color=\u00bb#ffffff\u00bb background_color=\u00bb#0db14b\u00bb custom_margin=\u00bb0px||0px|\u00bb custom_padding=\u00bb50px||50px|\u00bb]<\/p>\n<p>CON LA PR\u00d3STATA<\/p>\n<p>[\/et_pb_blurb][\/et_pb_column][\/et_pb_row][et_pb_row _builder_version=\u00bb3.0.92&#8243;][et_pb_column type=\u00bb1_4&#8243; _builder_version=\u00bb3.0.92&#8243; parallax=\u00bboff\u00bb parallax_method=\u00bbon\u00bb][et_pb_number_counter number=\u00bb50&#8243; _builder_version=\u00bb3.0.92&#8243; title_font=\u00bb||||||||\u00bb number_font=\u00bbDosis||||||||\u00bb number_font_size=\u00bb53px\u00bb number_text_color=\u00bb#047235&#8243; border_color_all=\u00bb#848484&#8243;][\/et_pb_number_counter][et_pb_blurb title=\u00bbHombres 40-70 a\u00f1os\u00bb _builder_version=\u00bb3.0.92&#8243; header_level=\u00bbh2&#8243; header_font=\u00bbDosis|600|||||||\u00bb header_text_align=\u00bbcenter\u00bb header_font_size=\u00bb28px\u00bb header_text_color=\u00bb#004383&#8243; body_font=\u00bb||||||||\u00bb body_text_align=\u00bbcenter\u00bb body_font_size=\u00bb19px\u00bb]tienen disfunci\u00f3n er\u00e9ctil[\/et_pb_blurb][\/et_pb_column][et_pb_column type=\u00bb1_4&#8243; _builder_version=\u00bb3.0.92&#8243; parallax=\u00bboff\u00bb parallax_method=\u00bbon\u00bb][et_pb_number_counter number=\u00bb67&#8243; _builder_version=\u00bb3.0.92&#8243; title_font=\u00bb||||||||\u00bb number_font=\u00bbDosis||||||||\u00bb number_font_size=\u00bb53px\u00bb number_text_color=\u00bb#047235&#8243; border_color_all=\u00bb#848484&#8243;][\/et_pb_number_counter][et_pb_blurb title=\u00bbHombres 70+ a\u00f1os\u00bb _builder_version=\u00bb3.0.92&#8243; header_level=\u00bbh2&#8243; header_font=\u00bbDosis|600|||||||\u00bb header_text_align=\u00bbcenter\u00bb header_font_size=\u00bb28px\u00bb header_text_color=\u00bb#004383&#8243; body_font=\u00bb||||||||\u00bb body_text_align=\u00bbcenter\u00bb body_font_size=\u00bb19px\u00bb]tienen disfunci\u00f3n er\u00e9ctil[\/et_pb_blurb][\/et_pb_column][et_pb_column type=\u00bb1_4&#8243; _builder_version=\u00bb3.0.92&#8243; parallax=\u00bboff\u00bb parallax_method=\u00bbon\u00bb][et_pb_number_counter number=\u00bb60&#8243; _builder_version=\u00bb3.0.92&#8243; title_font=\u00bb||||||||\u00bb number_font=\u00bbDosis||||||||\u00bb number_font_size=\u00bb53px\u00bb number_text_color=\u00bb#047235&#8243; border_color_all=\u00bb#848484&#8243;][\/et_pb_number_counter][et_pb_blurb title=\u00bbHombres 50+ a\u00f1os\u00bb _builder_version=\u00bb3.0.92&#8243; header_level=\u00bbh2&#8243; header_font=\u00bbDosis|600|||||||\u00bb header_text_align=\u00bbcenter\u00bb header_font_size=\u00bb28px\u00bb header_text_color=\u00bb#004383&#8243; body_font=\u00bb||||||||\u00bb body_text_align=\u00bbcenter\u00bb body_font_size=\u00bb19px\u00bb]tienen una pr\u00f3stata agrandada[\/et_pb_blurb][\/et_pb_column][et_pb_column type=\u00bb1_4&#8243; _builder_version=\u00bb3.0.92&#8243; parallax=\u00bboff\u00bb parallax_method=\u00bbon\u00bb][et_pb_number_counter number=\u00bb50&#8243; _builder_version=\u00bb3.0.92&#8243; title_font=\u00bb||||||||\u00bb number_font=\u00bbDosis||||||||\u00bb number_font_size=\u00bb53px\u00bb number_text_color=\u00bb#047235&#8243; border_color_all=\u00bb#848484&#8243;][\/et_pb_number_counter][et_pb_blurb title=\u00bbHombres 50-60&#8243; _builder_version=\u00bb3.0.92&#8243; header_level=\u00bbh2&#8243; header_font=\u00bbDosis|600|||||||\u00bb header_text_align=\u00bbcenter\u00bb header_font_size=\u00bb28px\u00bb header_text_color=\u00bb#004383&#8243; body_font=\u00bb||||||||\u00bb body_text_align=\u00bbcenter\u00bb body_font_size=\u00bb19px\u00bb]tienen Hiperplasia Prost\u00e1tica Benigna (BHP)[\/et_pb_blurb][\/et_pb_column][\/et_pb_row][et_pb_row _builder_version=\u00bb3.0.92&#8243;][et_pb_column type=\u00bb4_4&#8243; _builder_version=\u00bb3.0.92&#8243; parallax=\u00bboff\u00bb parallax_method=\u00bbon\u00bb][et_pb_blurb content_max_width=\u00bb703px\u00bb _builder_version=\u00bb3.0.92&#8243; body_font=\u00bbDosis||||||||\u00bb body_text_align=\u00bbcenter\u00bb body_font_size=\u00bb33px\u00bb body_text_color=\u00bb#004383&#8243; body_line_height=\u00bb1.1em\u00bb]<\/p>\n<div class=\"wtrStandardColumn vc_col-sm-3 wtrNoRoundedCornersColumn wpb_column vc_column_container \">\n<div class=\"wpb_wrapper  \">De acuerdo con estimaciones de los expertos, hoy en d\u00eda, en la Uni\u00f3n Europea la disfunci\u00f3n er\u00e9ctil afecta a unos 40 millones de hombres, y se prev\u00e9 que para el 2025 ese n\u00famero se duplique.<\/div>\n<\/div>\n<p>[\/et_pb_blurb][\/et_pb_column][\/et_pb_row][et_pb_row make_fullwidth=\u00bbon\u00bb use_custom_gutter=\u00bbon\u00bb gutter_width=\u00bb1&#8243; background_color=\u00bb#d8d8d8&#8243; _builder_version=\u00bb3.0.92&#8243;][et_pb_column type=\u00bb1_2&#8243; _builder_version=\u00bb3.0.92&#8243; parallax=\u00bboff\u00bb parallax_method=\u00bbon\u00bb][et_pb_image src=\u00bbhttps:\/\/africkasljiva.com\/wp-content\/uploads\/2017\/12\/FORTE-Africka-sljiva-nosorog-EN.png\u00bb _builder_version=\u00bb3.0.92&#8243; animation_style=\u00bbslide\u00bb animation_direction=\u00bbleft\u00bb][\/et_pb_image][\/et_pb_column][et_pb_column type=\u00bb1_2&#8243; _builder_version=\u00bb3.0.92&#8243; parallax=\u00bboff\u00bb parallax_method=\u00bbon\u00bb][et_pb_blurb title=\u00bb\u00bfTODAV\u00cdA NO PRUEBA EL CIRUELO AFRICANO FORTE?\u00bb _builder_version=\u00bb3.0.92&#8243; header_font=\u00bb||||||||\u00bb header_font_size=\u00bb30px\u00bb body_font=\u00bbDosis||||||||\u00bb body_font_size=\u00bb16px\u00bb background_color=\u00bb#f4f4f4&#8243; text_orientation=\u00bbcenter\u00bb custom_margin=\u00bb10px|100px||100px\u00bb custom_margin_tablet=\u00bb|50px||50px\u00bb custom_margin_phone=\u00bb|20px||20px\u00bb custom_margin_last_edited=\u00bbon|desktop\u00bb custom_padding=\u00bb30px||30px|\u00bb custom_padding_phone=\u00bb|10px||10px\u00bb custom_padding_last_edited=\u00bbon|desktop\u00bb]Ordene su paquete de Ciruelo Africano FORTE en l\u00ednea y obtenga el mejor precio.[\/et_pb_blurb][et_pb_button button_url=\u00bb\/es\/ordene\/\u00bb button_text=\u00bbORDENE AHORA\u00bb button_alignment=\u00bbcenter\u00bb _builder_version=\u00bb3.0.92&#8243; custom_margin=\u00bb15px|||\u00bb custom_button=\u00bbon\u00bb button_text_size=\u00bb23px\u00bb button_text_color=\u00bb#ffffff\u00bb button_bg_use_color_gradient=\u00bbon\u00bb button_bg_color_gradient_start=\u00bb#16662a\u00bb button_bg_color_gradient_end=\u00bb#35b159&#8243; button_border_radius=\u00bb8px\u00bb button_font=\u00bb||||||||\u00bb][\/et_pb_button][et_pb_button _builder_version=\u00bb3.0.92&#8243;][\/et_pb_button][\/et_pb_column][\/et_pb_row][\/et_pb_section]<\/p>\n","protected":false},"excerpt":{"rendered":"<p>LOGRAR UNA ERECCI\u00d3NMANTENER UNA ERECCI\u00d3NBAJOCON LA PR\u00d3STATAtienen disfunci\u00f3n er\u00e9ctiltienen disfunci\u00f3n er\u00e9ctiltienen una pr\u00f3stata agrandadatienen Hiperplasia Prost\u00e1tica Benigna (BHP) De acuerdo con estimaciones de los expertos, hoy en d\u00eda, en la Uni\u00f3n Europea la disfunci\u00f3n er\u00e9ctil afecta a unos 40 millones de hombres, y se prev\u00e9 que para el 2025 ese n\u00famero se duplique. Ordene su [&hellip;]<\/p>\n","protected":false},"author":9,"featured_media":0,"parent":0,"menu_order":0,"comment_status":"closed","ping_status":"closed","template":"","meta":{"_et_pb_use_builder":"on","_et_pb_old_content":"","_et_gb_content_width":"","footnotes":""},"class_list":["post-938","page","type-page","status-publish","hentry"],"yoast_head":"<!-- This site is optimized with the Yoast SEO plugin v27.4 - https:\/\/yoast.com\/product\/yoast-seo-wordpress\/ -->\n<title>\u00bfPor qu\u00e9 usar? - Afri\u010dka \u0160ljiva<\/title>\n<meta name=\"robots\" content=\"index, follow, max-snippet:-1, max-image-preview:large, max-video-preview:-1\" \/>\n<link rel=\"canonical\" href=\"https:\/\/africkasljiva.ba\/es\/por-que-usar\/\" \/>\n<meta property=\"og:locale\" content=\"es_ES\" \/>\n<meta property=\"og:type\" content=\"article\" \/>\n<meta property=\"og:title\" content=\"\u00bfPor qu\u00e9 usar? - Afri\u010dka \u0160ljiva\" \/>\n<meta property=\"og:description\" content=\"LOGRAR UNA ERECCI\u00d3NMANTENER UNA ERECCI\u00d3NBAJOCON LA PR\u00d3STATAtienen disfunci\u00f3n er\u00e9ctiltienen disfunci\u00f3n er\u00e9ctiltienen una pr\u00f3stata agrandadatienen Hiperplasia Prost\u00e1tica Benigna (BHP) De acuerdo con estimaciones de los expertos, hoy en d\u00eda, en la Uni\u00f3n Europea la disfunci\u00f3n er\u00e9ctil afecta a unos 40 millones de hombres, y se prev\u00e9 que para el 2025 ese n\u00famero se duplique. Ordene su [&hellip;]\" \/>\n<meta property=\"og:url\" content=\"https:\/\/africkasljiva.ba\/es\/por-que-usar\/\" \/>\n<meta property=\"og:site_name\" content=\"Afri\u010dka \u0160ljiva\" \/>\n<meta property=\"article:modified_time\" content=\"2018-02-22T08:10:26+00:00\" \/>\n<meta name=\"twitter:card\" content=\"summary_large_image\" \/>\n<meta name=\"twitter:label1\" content=\"Tiempo de lectura\" \/>\n\t<meta name=\"twitter:data1\" content=\"6 minutos\" \/>\n<script type=\"application\/ld+json\" class=\"yoast-schema-graph\">{\"@context\":\"https:\\\/\\\/schema.org\",\"@graph\":[{\"@type\":\"WebPage\",\"@id\":\"https:\\\/\\\/africkasljiva.ba\\\/es\\\/por-que-usar\\\/\",\"url\":\"https:\\\/\\\/africkasljiva.ba\\\/es\\\/por-que-usar\\\/\",\"name\":\"\u00bfPor qu\u00e9 usar? - Afri\u010dka \u0160ljiva\",\"isPartOf\":{\"@id\":\"https:\\\/\\\/africkasljiva.ba\\\/#website\"},\"datePublished\":\"2017-12-26T08:25:54+00:00\",\"dateModified\":\"2018-02-22T08:10:26+00:00\",\"breadcrumb\":{\"@id\":\"https:\\\/\\\/africkasljiva.ba\\\/es\\\/por-que-usar\\\/#breadcrumb\"},\"inLanguage\":\"es\",\"potentialAction\":[{\"@type\":\"ReadAction\",\"target\":[\"https:\\\/\\\/africkasljiva.ba\\\/es\\\/por-que-usar\\\/\"]}]},{\"@type\":\"BreadcrumbList\",\"@id\":\"https:\\\/\\\/africkasljiva.ba\\\/es\\\/por-que-usar\\\/#breadcrumb\",\"itemListElement\":[{\"@type\":\"ListItem\",\"position\":1,\"name\":\"Home\",\"item\":\"https:\\\/\\\/africkasljiva.ba\\\/es\\\/\"},{\"@type\":\"ListItem\",\"position\":2,\"name\":\"\u00bfPor qu\u00e9 usar?\"}]},{\"@type\":\"WebSite\",\"@id\":\"https:\\\/\\\/africkasljiva.ba\\\/#website\",\"url\":\"https:\\\/\\\/africkasljiva.ba\\\/\",\"name\":\"Afri\u010dka \u0160ljiva\",\"description\":\"Prirodni preparat za potenciju - ne pada!\",\"potentialAction\":[{\"@type\":\"SearchAction\",\"target\":{\"@type\":\"EntryPoint\",\"urlTemplate\":\"https:\\\/\\\/africkasljiva.ba\\\/?s={search_term_string}\"},\"query-input\":{\"@type\":\"PropertyValueSpecification\",\"valueRequired\":true,\"valueName\":\"search_term_string\"}}],\"inLanguage\":\"es\"}]}<\/script>\n<!-- \/ Yoast SEO plugin. -->","yoast_head_json":{"title":"\u00bfPor qu\u00e9 usar? - Afri\u010dka \u0160ljiva","robots":{"index":"index","follow":"follow","max-snippet":"max-snippet:-1","max-image-preview":"max-image-preview:large","max-video-preview":"max-video-preview:-1"},"canonical":"https:\/\/africkasljiva.ba\/es\/por-que-usar\/","og_locale":"es_ES","og_type":"article","og_title":"\u00bfPor qu\u00e9 usar? - Afri\u010dka \u0160ljiva","og_description":"LOGRAR UNA ERECCI\u00d3NMANTENER UNA ERECCI\u00d3NBAJOCON LA PR\u00d3STATAtienen disfunci\u00f3n er\u00e9ctiltienen disfunci\u00f3n er\u00e9ctiltienen una pr\u00f3stata agrandadatienen Hiperplasia Prost\u00e1tica Benigna (BHP) De acuerdo con estimaciones de los expertos, hoy en d\u00eda, en la Uni\u00f3n Europea la disfunci\u00f3n er\u00e9ctil afecta a unos 40 millones de hombres, y se prev\u00e9 que para el 2025 ese n\u00famero se duplique. Ordene su [&hellip;]","og_url":"https:\/\/africkasljiva.ba\/es\/por-que-usar\/","og_site_name":"Afri\u010dka \u0160ljiva","article_modified_time":"2018-02-22T08:10:26+00:00","twitter_card":"summary_large_image","twitter_misc":{"Tiempo de lectura":"6 minutos"},"schema":{"@context":"https:\/\/schema.org","@graph":[{"@type":"WebPage","@id":"https:\/\/africkasljiva.ba\/es\/por-que-usar\/","url":"https:\/\/africkasljiva.ba\/es\/por-que-usar\/","name":"\u00bfPor qu\u00e9 usar? - Afri\u010dka \u0160ljiva","isPartOf":{"@id":"https:\/\/africkasljiva.ba\/#website"},"datePublished":"2017-12-26T08:25:54+00:00","dateModified":"2018-02-22T08:10:26+00:00","breadcrumb":{"@id":"https:\/\/africkasljiva.ba\/es\/por-que-usar\/#breadcrumb"},"inLanguage":"es","potentialAction":[{"@type":"ReadAction","target":["https:\/\/africkasljiva.ba\/es\/por-que-usar\/"]}]},{"@type":"BreadcrumbList","@id":"https:\/\/africkasljiva.ba\/es\/por-que-usar\/#breadcrumb","itemListElement":[{"@type":"ListItem","position":1,"name":"Home","item":"https:\/\/africkasljiva.ba\/es\/"},{"@type":"ListItem","position":2,"name":"\u00bfPor qu\u00e9 usar?"}]},{"@type":"WebSite","@id":"https:\/\/africkasljiva.ba\/#website","url":"https:\/\/africkasljiva.ba\/","name":"Afri\u010dka \u0160ljiva","description":"Prirodni preparat za potenciju - ne pada!","potentialAction":[{"@type":"SearchAction","target":{"@type":"EntryPoint","urlTemplate":"https:\/\/africkasljiva.ba\/?s={search_term_string}"},"query-input":{"@type":"PropertyValueSpecification","valueRequired":true,"valueName":"search_term_string"}}],"inLanguage":"es"}]}},"_links":{"self":[{"href":"https:\/\/africkasljiva.ba\/es\/wp-json\/wp\/v2\/pages\/938","targetHints":{"allow":["GET"]}}],"collection":[{"href":"https:\/\/africkasljiva.ba\/es\/wp-json\/wp\/v2\/pages"}],"about":[{"href":"https:\/\/africkasljiva.ba\/es\/wp-json\/wp\/v2\/types\/page"}],"author":[{"embeddable":true,"href":"https:\/\/africkasljiva.ba\/es\/wp-json\/wp\/v2\/users\/9"}],"replies":[{"embeddable":true,"href":"https:\/\/africkasljiva.ba\/es\/wp-json\/wp\/v2\/comments?post=938"}],"version-history":[{"count":3,"href":"https:\/\/africkasljiva.ba\/es\/wp-json\/wp\/v2\/pages\/938\/revisions"}],"predecessor-version":[{"id":1028,"href":"https:\/\/africkasljiva.ba\/es\/wp-json\/wp\/v2\/pages\/938\/revisions\/1028"}],"wp:attachment":[{"href":"https:\/\/africkasljiva.ba\/es\/wp-json\/wp\/v2\/media?parent=938"}],"curies":[{"name":"wp","href":"https:\/\/api.w.org\/{rel}","templated":true}]}}