{"id":941,"date":"2017-12-06T14:13:05","date_gmt":"2017-12-06T14:13:05","guid":{"rendered":"https:\/\/africkasljiva.com\/contact-us\/"},"modified":"2018-05-22T08:39:03","modified_gmt":"2018-05-22T08:39:03","slug":"contacto","status":"publish","type":"page","link":"https:\/\/africkasljiva.ba\/es\/contacto\/","title":{"rendered":"Contacto"},"content":{"rendered":"<p>[et_pb_section fb_built=\u00bb1&#8243; admin_label=\u00bbsection\u00bb _builder_version=\u00bb3.0.92&#8243; background_image=\u00bbhttp:\/\/africkasljiva.com\/wp-content\/uploads\/2017\/12\/african-plum.jpg\u00bb custom_padding=\u00bb1px|0px|54px|0px\u00bb][et_pb_row custom_padding=\u00bb35px||0px|\u00bb custom_padding_phone=\u00bb|||\u00bb custom_margin=\u00bb0px||0px|\u00bb custom_padding_last_edited=\u00bbon|phone\u00bb _builder_version=\u00bb3.0.91&#8243;][et_pb_column type=\u00bb4_4&#8243; _builder_version=\u00bb3.0.90&#8243; parallax=\u00bboff\u00bb parallax_method=\u00bbon\u00bb][et_pb_blurb title=\u00bbContacto\u00bb _builder_version=\u00bb3.0.92&#8243; header_level=\u00bbh1&#8243; header_font=\u00bbDosis|600|||||||\u00bb header_text_align=\u00bbcenter\u00bb header_text_color=\u00bb#012369&#8243; header_font_size=\u00bb50px\u00bb header_text_shadow_style=\u00bbpreset1&#8243;][\/et_pb_blurb][\/et_pb_column][\/et_pb_row][et_pb_row custom_padding=\u00bb14px||27px|\u00bb custom_padding_phone=\u00bb0px|||\u00bb custom_margin=\u00bb0px||0px|\u00bb custom_padding_last_edited=\u00bbon|phone\u00bb _builder_version=\u00bb3.0.91&#8243;][et_pb_column type=\u00bb1_2&#8243; _builder_version=\u00bb3.0.90&#8243; parallax=\u00bboff\u00bb parallax_method=\u00bbon\u00bb][et_pb_text _builder_version=\u00bb3.0.91&#8243;][\/et_pb_text][et_pb_contact_form email=\u00bbmarketing@proton.rs\u00bb custom_message=\u00bb%%Name%%||et_pb_line_break_holder||%%Email%%||et_pb_line_break_holder||%%Message%%||et_pb_line_break_holder||||et_pb_line_break_holder||Contact Us ENG &#8211; Africka sljiva\u00bb success_message=\u00bbThank you! Your message has been sent successfully.\u00bb submit_button_text=\u00bbSend\u00bb form_background_color=\u00bb#f2f2f2&#8243; module_id=\u00bbet_pb_contact_form_0&#8243; _builder_version=\u00bb3.3.1&#8243; form_field_font=\u00bb||||||||\u00bb border_radii=\u00bbon|1px|1px|1px|1px\u00bb border_width_all=\u00bb1px\u00bb border_color_all=\u00bb#2a9255&#8243; custom_button=\u00bbon\u00bb button_text_size=\u00bb22px\u00bb button_text_color=\u00bb#ffffff\u00bb button_bg_use_color_gradient=\u00bbon\u00bb button_bg_color_gradient_start=\u00bb#35b159&#8243; button_bg_color_gradient_end=\u00bb#16662a\u00bb button_border_width=\u00bb1px\u00bb button_border_color=\u00bb#16662a\u00bb button_font=\u00bb||||||||\u00bb][et_pb_contact_field field_id=\u00bbName\u00bb field_title=\u00bbName\u00bb _builder_version=\u00bb3.0.92&#8243; border_radii=\u00bbon||||\u00bb][\/et_pb_contact_field][et_pb_contact_field field_id=\u00bbEmail\u00bb field_title=\u00bbEmail\u00bb field_type=\u00bbemail\u00bb _builder_version=\u00bb3.0.92&#8243; border_radii=\u00bbon||||\u00bb][\/et_pb_contact_field][et_pb_contact_field field_id=\u00bbMessage\u00bb field_title=\u00bbMessage\u00bb field_type=\u00bbtext\u00bb fullwidth_field=\u00bbon\u00bb _builder_version=\u00bb3.0.92&#8243; border_radii=\u00bbon||||\u00bb][\/et_pb_contact_field][et_pb_contact_field field_id=\u00bbField_4&#8243; field_type=\u00bbcheckbox\u00bb fullwidth_field=\u00bbon\u00bb _builder_version=\u00bb3.3.1&#8243; checkbox_options=\u00bb%91{%22value%22:%22Acepto las pol\u00edticas de privacidad%22,%22checked%22:0,%22dragID%22:0}%93&#8243;][\/et_pb_contact_field][\/et_pb_contact_form][et_pb_text _builder_version=\u00bb3.3.1&#8243;]<a style=\"text-decoration: underline; text-align: center; color: #343B99;\" href=\"https:\/\/africkasljiva.com\/en\/privacy-policy\/\">Privacy Policy<\/a>[\/et_pb_text][\/et_pb_column][et_pb_column type=\u00bb1_2&#8243; _builder_version=\u00bb3.0.90&#8243; parallax=\u00bboff\u00bb parallax_method=\u00bbon\u00bb][et_pb_image src=\u00bbhttps:\/\/africkasljiva.com\/wp-content\/uploads\/2018\/02\/CirueloAfricano-libere-su-hombria.png\u00bb align=\u00bbcenter\u00bb _builder_version=\u00bb3.0.105&#8243; animation_style=\u00bbslide\u00bb animation_direction=\u00bbright\u00bb][\/et_pb_image][\/et_pb_column][\/et_pb_row][\/et_pb_section][et_pb_section fb_built=\u00bb1&#8243; _builder_version=\u00bb3.0.91&#8243; custom_padding=\u00bb1px|0px|5px|0px\u00bb][et_pb_row custom_padding=\u00bb33px|0px|0px|0px\u00bb _builder_version=\u00bb3.0.91&#8243;][et_pb_column type=\u00bb4_4&#8243; _builder_version=\u00bb3.0.91&#8243; parallax=\u00bboff\u00bb parallax_method=\u00bbon\u00bb][et_pb_blurb title=\u00bbInformaci\u00f3n de contacto\u00bb _builder_version=\u00bb3.0.92&#8243; header_level=\u00bbh2&#8243; header_font=\u00bbDosis||||||||\u00bb header_text_align=\u00bbcenter\u00bb header_font_size=\u00bb46px\u00bb custom_margin=\u00bb20px||20px|\u00bb][\/et_pb_blurb][\/et_pb_column][\/et_pb_row][et_pb_row _builder_version=\u00bb3.0.91&#8243;][et_pb_column type=\u00bb1_2&#8243; _builder_version=\u00bb3.0.91&#8243; parallax=\u00bboff\u00bb parallax_method=\u00bbon\u00bb][et_pb_blurb title=\u00bbTel\u00e9fono: +381 11 20 70 807&#8243; url=\u00bbtel:+381112070807&#8243; use_icon=\u00bbon\u00bb font_icon=\u00bb%%104%%\u00bb icon_color=\u00bb#023398&#8243; icon_placement=\u00bbleft\u00bb _builder_version=\u00bb3.0.92&#8243; header_level=\u00bbh3&#8243; header_font=\u00bb||||||||\u00bb header_text_color=\u00bb#187519&#8243; header_font_size=\u00bb27px\u00bb header_font_size_phone=\u00bb20px\u00bb header_font_size_last_edited=\u00bbon|phone\u00bb custom_margin=\u00bb||20px|\u00bb][\/et_pb_blurb][\/et_pb_column][et_pb_column type=\u00bb1_2&#8243; _builder_version=\u00bb3.0.91&#8243; parallax=\u00bboff\u00bb parallax_method=\u00bbon\u00bb][et_pb_blurb title=\u00bbEmail: info@africkasljiva.com\u00bb url=\u00bbmailto:info@africkasljiva.com\u00bb use_icon=\u00bbon\u00bb font_icon=\u00bb%%109%%\u00bb icon_color=\u00bb#023398&#8243; icon_placement=\u00bbleft\u00bb _builder_version=\u00bb3.0.91&#8243; header_level=\u00bbh3&#8243; header_font=\u00bb||||||||\u00bb header_text_color=\u00bb#187519&#8243; header_font_size=\u00bb27px\u00bb header_font_size_phone=\u00bb20px\u00bb header_font_size_last_edited=\u00bbon|phone\u00bb text_orientation=\u00bbcenter\u00bb custom_padding=\u00bb||20px|\u00bb][\/et_pb_blurb][\/et_pb_column][\/et_pb_row][\/et_pb_section]<\/p>\n","protected":false},"excerpt":{"rendered":"<p>Privacy Policy<\/p>\n","protected":false},"author":9,"featured_media":0,"parent":0,"menu_order":0,"comment_status":"closed","ping_status":"closed","template":"","meta":{"_et_pb_use_builder":"on","_et_pb_old_content":"","_et_gb_content_width":"","footnotes":""},"class_list":["post-941","page","type-page","status-publish","hentry"],"yoast_head":"<!-- This site is optimized with the Yoast SEO plugin v27.4 - https:\/\/yoast.com\/product\/yoast-seo-wordpress\/ -->\n<title>Contacto - Afri\u010dka \u0160ljiva<\/title>\n<meta name=\"robots\" content=\"index, follow, max-snippet:-1, max-image-preview:large, max-video-preview:-1\" \/>\n<link rel=\"canonical\" href=\"https:\/\/africkasljiva.ba\/es\/contacto\/\" \/>\n<meta property=\"og:locale\" content=\"es_ES\" \/>\n<meta property=\"og:type\" content=\"article\" \/>\n<meta property=\"og:title\" content=\"Erektilna disfunkcija - pitanja i saveti stru\u010dnjaka\" \/>\n<meta property=\"og:description\" content=\"Po\u0161aljite nam pitanje vezano za problem erekcije. Erektilna disfunkcija je sve \u010de\u0161\u0107a i Afri\u010dka \u0160ljiva vam mo\u017ee pomo\u0107i!\" \/>\n<meta property=\"og:url\" content=\"https:\/\/africkasljiva.ba\/es\/contacto\/\" \/>\n<meta property=\"og:site_name\" content=\"Afri\u010dka \u0160ljiva\" \/>\n<meta property=\"article:modified_time\" content=\"2018-05-22T08:39:03+00:00\" \/>\n<meta name=\"twitter:card\" content=\"summary_large_image\" \/>\n<meta name=\"twitter:label1\" content=\"Tiempo de lectura\" \/>\n\t<meta name=\"twitter:data1\" content=\"3 minutos\" \/>\n<script type=\"application\/ld+json\" class=\"yoast-schema-graph\">{\"@context\":\"https:\\\/\\\/schema.org\",\"@graph\":[{\"@type\":\"WebPage\",\"@id\":\"https:\\\/\\\/africkasljiva.ba\\\/es\\\/contacto\\\/\",\"url\":\"https:\\\/\\\/africkasljiva.ba\\\/es\\\/contacto\\\/\",\"name\":\"Contacto - Afri\u010dka \u0160ljiva\",\"isPartOf\":{\"@id\":\"https:\\\/\\\/africkasljiva.ba\\\/#website\"},\"datePublished\":\"2017-12-06T14:13:05+00:00\",\"dateModified\":\"2018-05-22T08:39:03+00:00\",\"breadcrumb\":{\"@id\":\"https:\\\/\\\/africkasljiva.ba\\\/es\\\/contacto\\\/#breadcrumb\"},\"inLanguage\":\"es\",\"potentialAction\":[{\"@type\":\"ReadAction\",\"target\":[\"https:\\\/\\\/africkasljiva.ba\\\/es\\\/contacto\\\/\"]}]},{\"@type\":\"BreadcrumbList\",\"@id\":\"https:\\\/\\\/africkasljiva.ba\\\/es\\\/contacto\\\/#breadcrumb\",\"itemListElement\":[{\"@type\":\"ListItem\",\"position\":1,\"name\":\"Home\",\"item\":\"https:\\\/\\\/africkasljiva.ba\\\/es\\\/\"},{\"@type\":\"ListItem\",\"position\":2,\"name\":\"Contacto\"}]},{\"@type\":\"WebSite\",\"@id\":\"https:\\\/\\\/africkasljiva.ba\\\/#website\",\"url\":\"https:\\\/\\\/africkasljiva.ba\\\/\",\"name\":\"Afri\u010dka \u0160ljiva\",\"description\":\"Prirodni preparat za potenciju - ne pada!\",\"potentialAction\":[{\"@type\":\"SearchAction\",\"target\":{\"@type\":\"EntryPoint\",\"urlTemplate\":\"https:\\\/\\\/africkasljiva.ba\\\/?s={search_term_string}\"},\"query-input\":{\"@type\":\"PropertyValueSpecification\",\"valueRequired\":true,\"valueName\":\"search_term_string\"}}],\"inLanguage\":\"es\"}]}<\/script>\n<!-- \/ Yoast SEO plugin. -->","yoast_head_json":{"title":"Contacto - Afri\u010dka \u0160ljiva","robots":{"index":"index","follow":"follow","max-snippet":"max-snippet:-1","max-image-preview":"max-image-preview:large","max-video-preview":"max-video-preview:-1"},"canonical":"https:\/\/africkasljiva.ba\/es\/contacto\/","og_locale":"es_ES","og_type":"article","og_title":"Erektilna disfunkcija - pitanja i saveti stru\u010dnjaka","og_description":"Po\u0161aljite nam pitanje vezano za problem erekcije. Erektilna disfunkcija je sve \u010de\u0161\u0107a i Afri\u010dka \u0160ljiva vam mo\u017ee pomo\u0107i!","og_url":"https:\/\/africkasljiva.ba\/es\/contacto\/","og_site_name":"Afri\u010dka \u0160ljiva","article_modified_time":"2018-05-22T08:39:03+00:00","twitter_card":"summary_large_image","twitter_misc":{"Tiempo de lectura":"3 minutos"},"schema":{"@context":"https:\/\/schema.org","@graph":[{"@type":"WebPage","@id":"https:\/\/africkasljiva.ba\/es\/contacto\/","url":"https:\/\/africkasljiva.ba\/es\/contacto\/","name":"Contacto - Afri\u010dka \u0160ljiva","isPartOf":{"@id":"https:\/\/africkasljiva.ba\/#website"},"datePublished":"2017-12-06T14:13:05+00:00","dateModified":"2018-05-22T08:39:03+00:00","breadcrumb":{"@id":"https:\/\/africkasljiva.ba\/es\/contacto\/#breadcrumb"},"inLanguage":"es","potentialAction":[{"@type":"ReadAction","target":["https:\/\/africkasljiva.ba\/es\/contacto\/"]}]},{"@type":"BreadcrumbList","@id":"https:\/\/africkasljiva.ba\/es\/contacto\/#breadcrumb","itemListElement":[{"@type":"ListItem","position":1,"name":"Home","item":"https:\/\/africkasljiva.ba\/es\/"},{"@type":"ListItem","position":2,"name":"Contacto"}]},{"@type":"WebSite","@id":"https:\/\/africkasljiva.ba\/#website","url":"https:\/\/africkasljiva.ba\/","name":"Afri\u010dka \u0160ljiva","description":"Prirodni preparat za potenciju - ne pada!","potentialAction":[{"@type":"SearchAction","target":{"@type":"EntryPoint","urlTemplate":"https:\/\/africkasljiva.ba\/?s={search_term_string}"},"query-input":{"@type":"PropertyValueSpecification","valueRequired":true,"valueName":"search_term_string"}}],"inLanguage":"es"}]}},"_links":{"self":[{"href":"https:\/\/africkasljiva.ba\/es\/wp-json\/wp\/v2\/pages\/941","targetHints":{"allow":["GET"]}}],"collection":[{"href":"https:\/\/africkasljiva.ba\/es\/wp-json\/wp\/v2\/pages"}],"about":[{"href":"https:\/\/africkasljiva.ba\/es\/wp-json\/wp\/v2\/types\/page"}],"author":[{"embeddable":true,"href":"https:\/\/africkasljiva.ba\/es\/wp-json\/wp\/v2\/users\/9"}],"replies":[{"embeddable":true,"href":"https:\/\/africkasljiva.ba\/es\/wp-json\/wp\/v2\/comments?post=941"}],"version-history":[{"count":6,"href":"https:\/\/africkasljiva.ba\/es\/wp-json\/wp\/v2\/pages\/941\/revisions"}],"predecessor-version":[{"id":1085,"href":"https:\/\/africkasljiva.ba\/es\/wp-json\/wp\/v2\/pages\/941\/revisions\/1085"}],"wp:attachment":[{"href":"https:\/\/africkasljiva.ba\/es\/wp-json\/wp\/v2\/media?parent=941"}],"curies":[{"name":"wp","href":"https:\/\/api.w.org\/{rel}","templated":true}]}}